{"id":412,"date":"2014-07-20T17:17:19","date_gmt":"2014-07-20T15:17:19","guid":{"rendered":"http:\/\/www.amoworkgroups.com\/?page_id=412"},"modified":"2016-12-09T23:12:11","modified_gmt":"2016-12-09T22:12:11","slug":"links","status":"publish","type":"page","link":"https:\/\/www.amoworkgroups.com\/?page_id=412","title":{"rendered":"Links"},"content":{"rendered":"<p>Hier eine\u00a0LINK-Sammlung \u00fcber richtig gut passende Beitr\u00e4ge f\u00fcr unseren Weg.<\/p>\n<hr \/>\n<h1><strong>FILME &#8211; to be connected<\/strong><\/h1>\n<p><em><strong>ECKHART TOLLE &#8211; Es ist immer\u00a0JETZT<\/strong><\/em><br \/>\n<a title=\"Das Geheimnis der Inspiration\" href=\"https:\/\/www.youtube.com\/watch?v=8GyBG8IE9CA&amp;index=1&amp;list=PLFAC7EFE4E1C57A0D\" target=\"_blank\">LINK zum Film<\/a><br \/>\nEckhart Tolle wurde in Deutschland geboren und verbrachte hier die ersten dreizehn Jahre seines Lebens. Nach dem Abschluss seines Studiums an der University of London war er in Forschung und Supervision an der Cambridge University t\u00e4tig. Mit neunundzwanzig Jahren l\u00f6schte eine tiefe spirituelle Transformation seine alte Identit\u00e4t praktisch aus und f\u00fchrte zu einer grundlegenden Wandlung seines Lebens. Die n\u00e4chsten Jahre widmete er dem Verstehen, Integrieren und Vertiefen dieser Verwandlung, die den Beginn einer intensiven Reise nach Innen markierte.<br \/>\n<a class=\"yt-uix-redirect-link\" dir=\"ltr\" title=\"http:\/\/eckharttolle.de\/\" href=\"http:\/\/eckharttolle.de\/\" target=\"_blank\" rel=\"nofollow\">http:\/\/eckharttolle.de\/<\/a><\/p>\n<hr \/>\n<p class=\"yt watch-title-container\"><span id=\"eow-title\" class=\"watch-title \" dir=\"ltr\" title=\"Awake - Ein Reisef\u00fchrer ins Erwachen\"><em><strong>AWAKE\u00a0&#8211; Ein Reisef\u00fchrer ins Erwachen<\/strong><\/em>\u00a0 \u00a0 \u00a0\u00a0[01:39:36]<br \/>\n<a title=\"Das Geheimnis der Inspiration\" href=\"https:\/\/www.youtube.com\/watch?v=OxLdqP8ouVk&amp;list=PL74q6FOTalp4INPvcBgiZiTrnlreVy-fr\" target=\"_blank\">LINK zum Film<br \/>\n<\/a>&#8222;Die bekanntesten spirituellen Lehrer unserer Zeit in einem Film: Eric Pearl, Dieter Broers, Neale Donald Walsch, Bruce Lipton, Barbara Marx Hubbard, Kiara Windrider, Ruediger Dahlke, Ervin L\u00e1szl\u00f3,Esther Kochte, Daniel Pinchbeck u. v. m.Wie konnte es geschehen, dass unsere Welt vor einem Kollaps aller Systeme steht? Warum hat der Mensch seine Verbindung zu Gott und zur Natur verloren? Und was k\u00f6nnen wir tun, um wieder ins Lot zu kommen? Mit diesen Fragen im Gep\u00e4ck machte sich Catharina Roland auf den Weg um den Globus. Ihr Film gibt Antworten auf die brennenden Fragen unserer Zeit. Er nimmt den Zuschauer mit auf eine tief bereichernde, transformierende Reise zu zahlreichen Vision\u00e4ren und spirituellen Lehrern. Schwerpunkt ihres Films sind praktische und leicht anwendbare Tools und \u00dcbungen, die uns beim Prozess des Erwachens unterst\u00fctzen.&#8220;<br \/>\n<\/span><\/p>\n<hr \/>\n<p style=\"text-align: left;\"><em><strong>DAS GEHEIMNIS\u00a0DER INSPIRATION\u00a0\u00a0\u00a0\u00a0 <\/strong><\/em>[01:56:19]<br \/>\n<a title=\"Das Geheimnis der Inspiration\" href=\"https:\/\/www.youtube.com\/watch?v=oAkspZ2doOY\" target=\"_blank\">LINK zum Film<\/a><br \/>\n&#8222;Das ist jener eine, entscheidende Augenblick, in dem das Leben pl\u00f6tzlich eine andere Wendung nimmt. Der Durchbruch zu einem neuen Bewusstsein. Die Inspiration f\u00fcr einen Neuanfang im Beruf, in der Partnerschaft, in der Lebensplanung.&#8220;<\/p>\n<hr \/>\n<p><em><strong>WAS W\u00c4RE WENN?\u00a0 \u00a0 \u00a0<\/strong><\/em>[01:19:49]<br \/>\n<a title=\"Das Geheimnis der Inspiration\" href=\"https:\/\/www.youtube.com\/watch?v=umpXC9e5gdc\" target=\"_blank\">LINK zum Film<\/a><br \/>\n&#8222;Ein Gedankenspiel das unter die Haut geht !!! &#8211; passt soooo gut zu uns &#8211; zum WILDEN DENKEN &#8211; ein Film zum dar\u00fcber nachdenken &#8230;&#8220;<\/p>\n<hr \/>\n<p><em><strong>ICH BIN DAS LICHT <\/strong><\/em>(DIE KLEINE SEELE SPRICHT MIT GOTT)<em><strong>\u00a0 \u00a0 \u00a0<\/strong><\/em>[00:41:16]<em><strong><br \/>\n<\/strong><\/em><a href=\"https:\/\/www.youtube.com\/watch?v=QVRzktJo5gk&amp;feature=youtu.be\" target=\"_blank\">LINK zum\u00a0H\u00f6rbuch<\/a><em><strong><br \/>\n<\/strong><\/em>&#8222;Ich bin das Licht, die kleine Seele spricht mit Gott, ist ein Buch von Neale Donald Walsch. Gesprochen von Kerstin Winkler.&#8220;<\/p>\n<hr \/>\n<p><em><strong>GESPR\u00c4CHE\u00a0MIT GOTT\u00a0\u00a0\u00a0\u00a0\u00a0<\/strong><\/em>[07:56:43]<br \/>\n<a href=\"https:\/\/www.youtube.com\/watch?v=EaKoKjNpgeM\" target=\"_blank\">LINK zum\u00a0H\u00f6rbuch \/ Band 1<\/a><br \/>\n&#8222;Stellen Euch\u00a0vor, Ihr k\u00f6nnten Gott die Fragen stellen, die Euch\u00a0bewegen &#8211; und Ihr\u00a0bek\u00e4met von ihm eine Antwort!<br \/>\nDie spontane Eingebung in einer Krisensituation seines Lebens lie\u00df Neale Donald Walsch einen Brief an Gott schreiben. Er f\u00fcllte das Blatt Papier mit einer Menge verzweifelter und auch w\u00fctender Fragen:<\/p>\n<p><em>\u00bbWarum geht in meinem Leben soviel schief?<\/em><br \/>\n<em>Was mu\u00df ich tun, um wieder Erfolg zu haben?<\/em><br \/>\n<em>Warum klappt es in Beziehungen nicht?<\/em><br \/>\n<em>Was habe ich nur getan, da\u00df mir ein Leben voller Kampf und Anstrengung aufgeb\u00fcrdet wird?\u00ab<\/em><\/p>\n<p>Als Walsch diese letzte bittere Frage aufgeschrieben hatte und den Stift beiseite legen wollte, schien eine starke Kraft ihn zu zwingen, den Stift weiter zu halten. Und dieser begann, sich wie automatisch zu bewegen.<br \/>\nWalsch sah sich etwas niederschreiben, was nicht aus seinem bewu\u00dften Verstand zu kommen schien.<br \/>\nEr sperrte sich nicht gegen diese Kraft, sondern lie\u00df es zu, da\u00df seine Hand gef\u00fchrt wurde.<br \/>\nZu seiner Verbl\u00fcffung las er:<\/p>\n<p>\u00bb<strong>Willst du wirklich eine Antwort auf all diese Fragen haben?<\/strong>\u00ab<\/p>\n<p>Das war der Anfang eines ungew\u00f6hnlichen Dialogs, in dem der Autor Fragen stellt und Antworten darauf bekommt. Fragen, die alle Bereiche der menschlichen Existenz umfassenden Sinn des Lebens, die Liebe, Gut und B\u00f6se, Vergebung und Erl\u00f6sung. Antworten, die einen humorvollen, modernen Gott zeigen;<br \/>\neinen Gott, der tr\u00f6stet und der die richtigen Worte findet, um komplizierte Sachverhalte einfach und verst\u00e4ndlich auszudr\u00fccken. Ein Dialog, der Lebensfreude vermittelt und die Freiheit betont, mit Gedanken und Taten das Positive zu erreichen.&#8220;<\/p>\n<hr \/>\n<p><em><strong>GESPR\u00c4CHE\u00a0MIT GOTT\u00a0\u00a0\u00a0\u00a0 <\/strong><\/em>[01:47:59]<em><strong><br \/>\n<\/strong><\/em><a title=\"Gespr\u00e4che mit Gott\" href=\"https:\/\/www.youtube.com\/watch?v=s_Pty0_Cwjs\" target=\"_blank\">LINK zum Film<\/a><br \/>\n<strong>&#8222;<\/strong>Gespr\u00e4che mit Gott in voller l\u00e4nge!<br \/>\nEin sehr interessanter\u00a0Film aus dem Leben vom Amerikanischen Autor Neal Donald Walsh. Erz\u00e4hlt wird sein Weg zum ersten Buch &#8211; die Zeit davor.&#8220;<\/p>\n<hr \/>\n<p><em><strong>ZEITGEIST\u00a0MOVING\u00a0FORWARD\u00a0\u00a0\u00a0\u00a0 <\/strong><\/em>[02:41:15]<br \/>\n<a title=\"Zeitgeist Moving Forward\" href=\"https:\/\/www.youtube.com\/watch?v=_nWFZwOZtiM\" target=\"_blank\">LINK zum Film<\/a><\/p>\n<p>&#8222;Bei dem Film handelt sich um eine Dokumentation in Spielfilml\u00e4nge, welche Gr\u00fcnde daf\u00fcr pr\u00e4sentiert, warum eine Abkehr vom momentanen sozio-\u00f6konomischen geldbasierten System, welches die ganze Welt beherrscht, n\u00f6tig ist. Der Inhalt geht \u00fcber die Fragen von Kulturrelativismus\u00a0und traditionellen Ideologien hinaus und begibt sich zu den Kernattributen, den empirischen Grundlagen f\u00fcr das \u00dcberleben der Gesellschaft und des Menschen, um von den unver\u00e4nderlichen Naturgesetzen ein neues gesellschaftliches Paradigma abzuleiten: eine \u201eRessourcenbasierte Wirtschaft&#8220;.<\/p>\n<p>Der Film zeigt Experten aus den Bereichen Gesundheitswesen, Anthropologie, Neurobiologie, Wirtschaft, Energieversorgung, Technik, Sozialwissenschaften und anderen einschl\u00e4gigen Fachgebieten, die mit der Funktionsweise der Gesellschaft und mit Kultur zusammenh\u00e4ngen. Die drei zentralen Themen des Werkes sind menschliches Verhalten, Geldwirtschaft und angewandte Wissenschaft. Dadurch, dass der Film sie zusammenf\u00fchrt, schafft er ein Verst\u00e4ndnis f\u00fcr das momentane Gesellschaftsparadigma.&#8220;<\/p>\n<hr \/>\n<p><em><strong>Pachakutec &#8211; Zeit des Wandels &#8211; Die R\u00fcckkehr des Lichts\u00a0\u00a0\u00a0\u00a0 <\/strong><\/em>[01:28:57]<br \/>\n<a title=\"Pachakutec\" href=\"https:\/\/www.youtube.com\/watch?v=nepCxrNiMvk\" target=\"_blank\">LINK zum Film <\/a><br \/>\nEin Film von Anya\u00a0Schmidt &amp; Naupany Puma<br \/>\nPACHAK\u00daTEC &#8211; Zeit des Wandels &#8211; Die R\u00fcckkehr des Lichts<br \/>\nEin Pilgerweg f\u00fcr die Heilung des Herzens der Erde<br \/>\nIn Liebe und Dankbarkeit, ist der Pilgerweg des Filmes Mutter Erde, Vater Sonne und den Ahnen gewidmet<br \/>\n&#8222;Wir alle sind die Wendezeit, das PACHAK\u00daTEC &#8211; JETZT&#8220;.<\/p>\n<hr \/>\n<p><em><strong>Innere Welten \u00c4u\u00dfere Welten &#8211; Teil 1: Akasha\u00a0<\/strong><\/em>\u00a0\u00a0\u00a0 [00:31:01]<br \/>\n<a title=\"Innere Welten - \u00c4u\u00dfere Welten - Teil 1\" href=\"https:\/\/www.youtube.com\/watch?v=QSEM3wLcgnY\" target=\"_blank\">LINK zum Film<\/a><br \/>\n&#8222;Es gibt ein schwingendes Feld, das alle Dinge miteinander verbindet. Es wurde Akasha\u00a0genannt, das urspr\u00fcngliche Om, Indra&#8217;s Netz von Juwelen, die Musik der Sph\u00e4ren und bekam im Laufe der Geschichte tausend weitere Namen. Die alten vedischen Lehrer lehrten die Nada Brahma &#8211; das Universum ist Schwingung. Das schwingende Feld ist die Ursache aller wahrer spiritueller Erfahrung und wissenschaftlicher Untersuchung. Es ist das gleiche Energiefeld, das die Heiligen, Buddhas, Yogis, Mystiker, Priester, chamanen\u00a0und Seher beobachtet haben, als sie in ihr inneres Selbst blickten. Viele der hervorragenden Denker der Geschichte wie Pythagoras, Keppler, Leonardo da Vinci, Tesla und Einstein sind an die Schwelle des Geheimnisses herangekommen.<br \/>\nIn der heutigen Gesellschaft hat ein Gro\u00dfteil der Menschheit diese alte Weisheit vergessen. Wir sind zu weit in den Bereich des Denkens abgeschweift, den wir als \u00e4u\u00dfere Welt der Form wahrnehmen. Wir haben die Verbindung zu unseren inneren Welten verloren. Dieses Gleichgewicht, das der Buddha als \u201eDen Weg der Mitte&#8220; bezeichnete und Aristoteles als \u201eDie goldene Mitte&#8220;, ist das Geburtsrecht eines jeden Menschen. Es ist der gemeinsame Ursprung aller Religionen und die Verbindung zwischen unseren inneren Welten und unseren \u00e4u\u00dferen Welten.&#8220;<\/p>\n<hr \/>\n<p><strong><em>Innere Welten \u00c4u\u00dfere Welten &#8211; Teil 2: Die Spirale\u00a0<\/em><\/strong>\u00a0\u00a0\u00a0 [00:32:44]<br \/>\n<a title=\"Innere Welten - \u00c4u\u00dfere Welten - Teil 2\" href=\"https:\/\/www.youtube.com\/watch?v=DTCnbOwomGg\" target=\"_blank\">LINK zum Film<\/a><\/p>\n<hr \/>\n<p><strong><em>Innere Welten \u00c4u\u00dfere Welten &#8211; Teil 3: Die Schlange und die Lotusbl\u00fcte\u00a0<\/em><\/strong>\u00a0\u00a0\u00a0 [00:26:30]<br \/>\n<a title=\"Innere Welten - \u00c4u\u00dfere Welten - Teil 3\" href=\"https:\/\/www.youtube.com\/watch?v=TXn42LHB77Y\" target=\"_blank\">LINK zum Film<\/a><\/p>\n<hr \/>\n<p><strong><em>Innere Welten \u00c4u\u00dfere Welten &#8211; Teil 4: Jenseits des Denkens\u00a0<\/em><\/strong>\u00a0\u00a0\u00a0 [00:28:30]<br \/>\n<a title=\"Innere Welten - \u00c4u\u00dfere Welten - Teil 4\" href=\"https:\/\/www.youtube.com\/watch?v=bDCzltD4HJM\" target=\"_blank\">LINK zum Film<\/a><\/p>\n<hr \/>\n<p>&nbsp;<\/p>\n<ul>\n<li>Tamina\u00b4s Klavierspiel\u00a0&#8211; <a title=\"Tamina &amp; Kl\u00e4nge\" href=\"https:\/\/soundcloud.com\/tamina-anim\" target=\"_blank\">https:\/\/soundcloud.com\/tamina-anim<\/a><\/li>\n<li>&#8230;<\/li>\n<\/ul>\n<p>&nbsp;<\/p>\n<p>&nbsp;<\/p>\n<p>&nbsp;<\/p>\n<div class=\"shariff shariff-align-center shariff-widget-align-left\" data-services=\"facebook%7Cvk\" data-url=\"https:\/\/www.amoworkgroups.com\/?page_id=412\" data-timestamp=\"1481325131\" data-hidezero=\"1\" data-backendurl=\"?rest_route=\/shariff\/v1\/share_counts&\"><div class=\"ShariffHeadline\">TEILEN MIT:<\/div><ul class=\"shariff-buttons theme-round orientation-horizontal buttonsize-medium\"><li class=\"shariff-button mailto shariff-nocustomcolor\" style=\"background-color:#a8a8a8;border-radius:25%\"><a href=\"mailto:?body=https%3A%2F%2Fwww.amoworkgroups.com%2F%3Fpage_id%3D412&subject=Links\" title=\"Per E-Mail versenden\" aria-label=\"Per E-Mail versenden\" role=\"button\" rel=\"noopener nofollow\" class=\"shariff-link\" style=\";border-radius:25%; background-color:#999; color:#fff\"><span class=\"shariff-icon\" style=\"\"><svg width=\"32px\" height=\"20px\" xmlns=\"http:\/\/www.w3.org\/2000\/svg\" viewBox=\"0 0 32 32\"><path fill=\"#999\" d=\"M32 12.7v14.2q0 1.2-0.8 2t-2 0.9h-26.3q-1.2 0-2-0.9t-0.8-2v-14.2q0.8 0.9 1.8 1.6 6.5 4.4 8.9 6.1 1 0.8 1.6 1.2t1.7 0.9 2 0.4h0.1q0.9 0 2-0.4t1.7-0.9 1.6-1.2q3-2.2 8.9-6.1 1-0.7 1.8-1.6zM32 7.4q0 1.4-0.9 2.7t-2.2 2.2q-6.7 4.7-8.4 5.8-0.2 0.1-0.7 0.5t-1 0.7-0.9 0.6-1.1 0.5-0.9 0.2h-0.1q-0.4 0-0.9-0.2t-1.1-0.5-0.9-0.6-1-0.7-0.7-0.5q-1.6-1.1-4.7-3.2t-3.6-2.6q-1.1-0.7-2.1-2t-1-2.5q0-1.4 0.7-2.3t2.1-0.9h26.3q1.2 0 2 0.8t0.9 2z\"\/><\/svg><\/span><\/a><\/li><li class=\"shariff-button printer shariff-nocustomcolor\" style=\"background-color:#a8a8a8;border-radius:25%\"><a href=\"javascript:window.print()\" title=\"drucken\" aria-label=\"drucken\" role=\"button\" rel=\"noopener nofollow\" class=\"shariff-link\" style=\";border-radius:25%; background-color:#999; color:#fff\"><span class=\"shariff-icon\" style=\"\"><svg width=\"32px\" height=\"20px\" xmlns=\"http:\/\/www.w3.org\/2000\/svg\" viewBox=\"0 0 30 32\"><path fill=\"#999\" d=\"M6.8 27.4h16v-4.6h-16v4.6zM6.8 16h16v-6.8h-2.8q-0.7 0-1.2-0.5t-0.5-1.2v-2.8h-11.4v11.4zM27.4 17.2q0-0.5-0.3-0.8t-0.8-0.4-0.8 0.4-0.3 0.8 0.3 0.8 0.8 0.3 0.8-0.3 0.3-0.8zM29.7 17.2v7.4q0 0.2-0.2 0.4t-0.4 0.2h-4v2.8q0 0.7-0.5 1.2t-1.2 0.5h-17.2q-0.7 0-1.2-0.5t-0.5-1.2v-2.8h-4q-0.2 0-0.4-0.2t-0.2-0.4v-7.4q0-1.4 1-2.4t2.4-1h1.2v-9.7q0-0.7 0.5-1.2t1.2-0.5h12q0.7 0 1.6 0.4t1.3 0.8l2.7 2.7q0.5 0.5 0.9 1.4t0.4 1.6v4.6h1.1q1.4 0 2.4 1t1 2.4z\"\/><\/svg><\/span><\/a><\/li><li class=\"shariff-button whatsapp shariff-nocustomcolor\" style=\"background-color:#5cbe4a;border-radius:25%\"><a href=\"https:\/\/api.whatsapp.com\/send?text=https%3A%2F%2Fwww.amoworkgroups.com%2F%3Fpage_id%3D412%20Links\" title=\"Bei Whatsapp teilen\" aria-label=\"Bei Whatsapp teilen\" role=\"button\" rel=\"noopener nofollow\" class=\"shariff-link\" style=\";border-radius:25%; background-color:#34af23; color:#fff\" target=\"_blank\"><span class=\"shariff-icon\" style=\"\"><svg width=\"32px\" height=\"20px\" xmlns=\"http:\/\/www.w3.org\/2000\/svg\" viewBox=\"0 0 32 32\"><path fill=\"#34af23\" d=\"M17.6 17.4q0.2 0 1.7 0.8t1.6 0.9q0 0.1 0 0.3 0 0.6-0.3 1.4-0.3 0.7-1.3 1.2t-1.8 0.5q-1 0-3.4-1.1-1.7-0.8-3-2.1t-2.6-3.3q-1.3-1.9-1.3-3.5v-0.1q0.1-1.6 1.3-2.8 0.4-0.4 0.9-0.4 0.1 0 0.3 0t0.3 0q0.3 0 0.5 0.1t0.3 0.5q0.1 0.4 0.6 1.6t0.4 1.3q0 0.4-0.6 1t-0.6 0.8q0 0.1 0.1 0.3 0.6 1.3 1.8 2.4 1 0.9 2.7 1.8 0.2 0.1 0.4 0.1 0.3 0 1-0.9t0.9-0.9zM14 26.9q2.3 0 4.3-0.9t3.6-2.4 2.4-3.6 0.9-4.3-0.9-4.3-2.4-3.6-3.6-2.4-4.3-0.9-4.3 0.9-3.6 2.4-2.4 3.6-0.9 4.3q0 3.6 2.1 6.6l-1.4 4.2 4.3-1.4q2.8 1.9 6.2 1.9zM14 2.2q2.7 0 5.2 1.1t4.3 2.9 2.9 4.3 1.1 5.2-1.1 5.2-2.9 4.3-4.3 2.9-5.2 1.1q-3.5 0-6.5-1.7l-7.4 2.4 2.4-7.2q-1.9-3.2-1.9-6.9 0-2.7 1.1-5.2t2.9-4.3 4.3-2.9 5.2-1.1z\"\/><\/svg><\/span><\/a><\/li><li class=\"shariff-button facebook shariff-nocustomcolor\" style=\"background-color:#4273c8;border-radius:25%\"><a href=\"https:\/\/www.facebook.com\/sharer\/sharer.php?u=https%3A%2F%2Fwww.amoworkgroups.com%2F%3Fpage_id%3D412\" title=\"Bei Facebook teilen\" aria-label=\"Bei Facebook teilen\" role=\"button\" rel=\"nofollow\" class=\"shariff-link\" style=\";border-radius:25%; background-color:#3b5998; color:#fff\" target=\"_blank\"><span class=\"shariff-icon\" style=\"\"><svg width=\"32px\" height=\"20px\" xmlns=\"http:\/\/www.w3.org\/2000\/svg\" viewBox=\"0 0 18 32\"><path fill=\"#3b5998\" d=\"M17.1 0.2v4.7h-2.8q-1.5 0-2.1 0.6t-0.5 1.9v3.4h5.2l-0.7 5.3h-4.5v13.6h-5.5v-13.6h-4.5v-5.3h4.5v-3.9q0-3.3 1.9-5.2t5-1.8q2.6 0 4.1 0.2z\"\/><\/svg><\/span><span data-service=\"facebook\" style=\"color:#3b5998\" class=\"shariff-count shariff-hidezero\"><\/span>&nbsp;<\/a><\/li><li class=\"shariff-button twitter shariff-nocustomcolor\" style=\"background-color:#595959;border-radius:25%\"><a href=\"https:\/\/twitter.com\/share?url=https%3A%2F%2Fwww.amoworkgroups.com%2F%3Fpage_id%3D412&text=Links&via=httpstwittercomamoworkgroups\" title=\"Bei X teilen\" aria-label=\"Bei X teilen\" role=\"button\" rel=\"noopener nofollow\" class=\"shariff-link\" style=\";border-radius:25%; background-color:#000; color:#fff\" target=\"_blank\"><span class=\"shariff-icon\" style=\"\"><svg width=\"32px\" height=\"20px\" xmlns=\"http:\/\/www.w3.org\/2000\/svg\" viewBox=\"0 0 24 24\"><path fill=\"#000\" d=\"M14.258 10.152L23.176 0h-2.113l-7.747 8.813L7.133 0H0l9.352 13.328L0 23.973h2.113l8.176-9.309 6.531 9.309h7.133zm-2.895 3.293l-.949-1.328L2.875 1.56h3.246l6.086 8.523.945 1.328 7.91 11.078h-3.246zm0 0\"\/><\/svg><\/span><\/a><\/li><li class=\"shariff-button linkedin shariff-nocustomcolor\" style=\"background-color:#1488bf;border-radius:25%\"><a href=\"https:\/\/www.linkedin.com\/sharing\/share-offsite\/?url=https%3A%2F%2Fwww.amoworkgroups.com%2F%3Fpage_id%3D412\" title=\"Bei LinkedIn teilen\" aria-label=\"Bei LinkedIn teilen\" role=\"button\" rel=\"noopener nofollow\" class=\"shariff-link\" style=\";border-radius:25%; background-color:#0077b5; color:#fff\" target=\"_blank\"><span class=\"shariff-icon\" style=\"\"><svg width=\"32px\" height=\"20px\" xmlns=\"http:\/\/www.w3.org\/2000\/svg\" viewBox=\"0 0 27 32\"><path fill=\"#0077b5\" d=\"M6.2 11.2v17.7h-5.9v-17.7h5.9zM6.6 5.7q0 1.3-0.9 2.2t-2.4 0.9h0q-1.5 0-2.4-0.9t-0.9-2.2 0.9-2.2 2.4-0.9 2.4 0.9 0.9 2.2zM27.4 18.7v10.1h-5.9v-9.5q0-1.9-0.7-2.9t-2.3-1.1q-1.1 0-1.9 0.6t-1.2 1.5q-0.2 0.5-0.2 1.4v9.9h-5.9q0-7.1 0-11.6t0-5.3l0-0.9h5.9v2.6h0q0.4-0.6 0.7-1t1-0.9 1.6-0.8 2-0.3q3 0 4.9 2t1.9 6z\"\/><\/svg><\/span><\/a><\/li><li class=\"shariff-button vk shariff-nocustomcolor\" style=\"background-color:#4273c8;border-radius:25%\"><a href=\"https:\/\/vk.com\/share.php?url=https%3A%2F%2Fwww.amoworkgroups.com%2F%3Fpage_id%3D412\" title=\"Bei VK teilen\" aria-label=\"Bei VK teilen\" role=\"button\" rel=\"noopener nofollow\" class=\"shariff-link\" style=\";border-radius:25%; background-color:#527498; color:#fff\" target=\"_blank\"><span class=\"shariff-icon\" style=\"\"><svg width=\"32px\" height=\"20px\" xmlns=\"http:\/\/www.w3.org\/2000\/svg\" viewBox=\"0 0 34 32\"><path fill=\"#527498\" d=\"M34.2 9.3q0.4 1.1-2.7 5.3-0.4 0.6-1.2 1.5-1.4 1.8-1.6 2.3-0.3 0.7 0.3 1.4 0.3 0.4 1.4 1.5h0l0.1 0.1q2.5 2.3 3.4 3.9 0.1 0.1 0.1 0.2t0.1 0.5 0 0.6-0.4 0.5-1.1 0.2l-4.6 0.1q-0.4 0.1-1-0.1t-0.9-0.4l-0.4-0.2q-0.5-0.4-1.2-1.1t-1.2-1.4-1.1-1-1-0.3q-0.1 0-0.1 0.1t-0.3 0.3-0.4 0.5-0.3 0.9-0.1 1.4q0 0.3-0.1 0.5t-0.1 0.3l-0.1 0.1q-0.3 0.3-0.9 0.4h-2.1q-1.3 0.1-2.6-0.3t-2.3-0.9-1.8-1.2-1.3-1l-0.4-0.4q-0.2-0.2-0.5-0.5t-1.3-1.6-1.9-2.7-2.2-3.8-2.3-4.9q-0.1-0.3-0.1-0.5t0.1-0.3l0.1-0.1q0.3-0.3 1-0.3l4.9 0q0.2 0 0.4 0.1t0.3 0.2l0.1 0.1q0.3 0.2 0.4 0.6 0.4 0.9 0.8 1.8t0.7 1.5l0.3 0.5q0.5 1.1 1 1.9t0.9 1.2 0.7 0.7 0.6 0.3 0.5-0.1q0 0 0.1-0.1t0.2-0.4 0.2-0.8 0.2-1.4 0-2.2q0-0.7-0.2-1.3t-0.2-0.8l-0.1-0.2q-0.4-0.6-1.5-0.8-0.2 0 0.1-0.4 0.3-0.3 0.7-0.5 0.9-0.5 4.3-0.4 1.5 0 2.4 0.2 0.4 0.1 0.6 0.2t0.4 0.4 0.2 0.6 0.1 0.8 0 1 0 1.3 0 1.5q0 0.2 0 0.8t0 0.9 0.1 0.7 0.2 0.7 0.4 0.4q0.1 0 0.3 0.1t0.5-0.2 0.7-0.6 0.9-1.2 1.2-1.9q1.1-1.9 1.9-4 0.1-0.2 0.2-0.3t0.2-0.2l0.1-0.1 0.1 0t0.2-0.1 0.4 0l5.1 0q0.7-0.1 1.1 0t0.6 0.3z\"\/><\/svg><\/span><span data-service=\"vk\" style=\"color:#527498\" class=\"shariff-count shariff-hidezero\"><\/span>&nbsp;<\/a><\/li><\/ul><\/div>","protected":false},"excerpt":{"rendered":"<p>Hier eine\u00a0LINK-Sammlung \u00fcber richtig gut passende Beitr\u00e4ge f\u00fcr unseren Weg. FILME &#8211; to be connected ECKHART TOLLE &#8211; Es ist immer\u00a0JETZT LINK zum Film Eckhart Tolle wurde in Deutschland geboren und verbrachte hier die ersten dreizehn Jahre seines Lebens. Nach &hellip; <a href=\"https:\/\/www.amoworkgroups.com\/?page_id=412\">Weiterlesen <span class=\"meta-nav\">&rarr;<\/span><\/a><\/p>\n","protected":false},"author":1,"featured_media":0,"parent":0,"menu_order":6,"comment_status":"closed","ping_status":"closed","template":"sidebar-page.php","meta":{"jetpack_post_was_ever_published":false,"footnotes":""},"class_list":["post-412","page","type-page","status-publish","hentry"],"jetpack_sharing_enabled":false,"jetpack_shortlink":"https:\/\/wp.me\/P4OMVl-6E","jetpack_likes_enabled":true,"jetpack-related-posts":[],"amp_enabled":false,"_links":{"self":[{"href":"https:\/\/www.amoworkgroups.com\/index.php?rest_route=\/wp\/v2\/pages\/412","targetHints":{"allow":["GET"]}}],"collection":[{"href":"https:\/\/www.amoworkgroups.com\/index.php?rest_route=\/wp\/v2\/pages"}],"about":[{"href":"https:\/\/www.amoworkgroups.com\/index.php?rest_route=\/wp\/v2\/types\/page"}],"author":[{"embeddable":true,"href":"https:\/\/www.amoworkgroups.com\/index.php?rest_route=\/wp\/v2\/users\/1"}],"replies":[{"embeddable":true,"href":"https:\/\/www.amoworkgroups.com\/index.php?rest_route=%2Fwp%2Fv2%2Fcomments&post=412"}],"version-history":[{"count":28,"href":"https:\/\/www.amoworkgroups.com\/index.php?rest_route=\/wp\/v2\/pages\/412\/revisions"}],"predecessor-version":[{"id":3053,"href":"https:\/\/www.amoworkgroups.com\/index.php?rest_route=\/wp\/v2\/pages\/412\/revisions\/3053"}],"wp:attachment":[{"href":"https:\/\/www.amoworkgroups.com\/index.php?rest_route=%2Fwp%2Fv2%2Fmedia&parent=412"}],"curies":[{"name":"wp","href":"https:\/\/api.w.org\/{rel}","templated":true}]}}