{"id":3565,"date":"2018-05-27T19:45:33","date_gmt":"2018-05-27T23:45:33","guid":{"rendered":"http:\/\/www.amoworkgroups.com\/?page_id=3565"},"modified":"2018-05-27T20:56:34","modified_gmt":"2018-05-28T00:56:34","slug":"gespraeche-mit-gott-band-2","status":"publish","type":"page","link":"https:\/\/www.amoworkgroups.com\/?page_id=3565","title":{"rendered":"Gespr\u00e4che mit Gott &#8211; Band 2"},"content":{"rendered":"<h2>Band 2 &#8211; Gesellschaft und Bewusstseinswandel<\/h2>\n<p><span style=\"color: #800000;\"><img data-recalc-dims=\"1\" loading=\"lazy\" decoding=\"async\" data-attachment-id=\"3566\" data-permalink=\"https:\/\/www.amoworkgroups.com\/?attachment_id=3566\" data-orig-file=\"https:\/\/i0.wp.com\/www.amoworkgroups.com\/wp-content\/uploads\/2018\/05\/GmG-Band-2.png?fit=786%2C1136&amp;ssl=1\" data-orig-size=\"786,1136\" data-comments-opened=\"1\" data-image-meta=\"{&quot;aperture&quot;:&quot;0&quot;,&quot;credit&quot;:&quot;&quot;,&quot;camera&quot;:&quot;&quot;,&quot;caption&quot;:&quot;&quot;,&quot;created_timestamp&quot;:&quot;0&quot;,&quot;copyright&quot;:&quot;&quot;,&quot;focal_length&quot;:&quot;0&quot;,&quot;iso&quot;:&quot;0&quot;,&quot;shutter_speed&quot;:&quot;0&quot;,&quot;title&quot;:&quot;&quot;,&quot;orientation&quot;:&quot;0&quot;}\" data-image-title=\"GmG &amp;#8211; Band 2\" data-image-description=\"\" data-image-caption=\"\" data-large-file=\"https:\/\/i0.wp.com\/www.amoworkgroups.com\/wp-content\/uploads\/2018\/05\/GmG-Band-2.png?fit=584%2C843&amp;ssl=1\" class=\"size-medium wp-image-3566 alignright\" src=\"https:\/\/i0.wp.com\/www.amoworkgroups.com\/wp-content\/uploads\/2018\/05\/GmG-Band-2.png?resize=130%2C188\" alt=\"\" width=\"130\" height=\"188\" srcset=\"https:\/\/i0.wp.com\/www.amoworkgroups.com\/wp-content\/uploads\/2018\/05\/GmG-Band-2.png?resize=130%2C188&amp;ssl=1 130w, https:\/\/i0.wp.com\/www.amoworkgroups.com\/wp-content\/uploads\/2018\/05\/GmG-Band-2.png?resize=768%2C1110&amp;ssl=1 768w, https:\/\/i0.wp.com\/www.amoworkgroups.com\/wp-content\/uploads\/2018\/05\/GmG-Band-2.png?resize=709%2C1024&amp;ssl=1 709w, https:\/\/i0.wp.com\/www.amoworkgroups.com\/wp-content\/uploads\/2018\/05\/GmG-Band-2.png?resize=600%2C867&amp;ssl=1 600w, https:\/\/i0.wp.com\/www.amoworkgroups.com\/wp-content\/uploads\/2018\/05\/GmG-Band-2.png?resize=208%2C300&amp;ssl=1 208w, https:\/\/i0.wp.com\/www.amoworkgroups.com\/wp-content\/uploads\/2018\/05\/GmG-Band-2.png?w=786&amp;ssl=1 786w\" sizes=\"auto, (max-width: 130px) 100vw, 130px\" \/><\/span><\/p>\n<hr \/>\n<blockquote><p><span style=\"color: #800000;\">Vorneweg &#8211; f\u00fcr Alle, f\u00fcr die das Wort &#8222;Gott&#8220; sich &#8222;komisch&#8220;, &#8222;belegt&#8220; oder &#8222;ungut&#8220; ansp\u00fcrt &#8211; bitte einfach ersetzen mit &#8222;universelle Intelligenz&#8220; &#8211; die B\u00fccher von Neale Donald Walsch heben nichts mit Religion zu tun &#8211; h\u00f6chstens mit Religio &#8211; R\u00fcckbesinnung auf das Wahre \/ Wirkliche &#8230;<\/span><\/p><\/blockquote>\n<hr \/>\n<p>Der Dialog, in den Neale Donald Walsch mehr zuf\u00e4llig als gewollt mit Gott trat, wird fortgesetzt. Kreiste er im ersten Band noch um Probleme und Fragen des individuellen Schicksals, so handelt das Gespr\u00e4ch in diesem zweiten Band vor allem von der Beziehung des Individuums zu seinen Mitmenschen, zur Umwelt, zum Planeten Erde.<br \/>\nIn der Auseinandersetzung mit dem Autor nimmt dieser menschliche und humorvolle, aber zugleich auch streng konsequente Gott unter anderem Stellung zu den Themen Zeit, Sexualit\u00e4t, Gef\u00e4lle zwischen Arm und Reich, zu geopolitischen Angelegenheiten und globalem Bewusstsein.<\/p>\n<h3><span id=\"Kleiner_Auszug_aus_dem_Buch\"><span id=\"more-349\"><\/span><br \/>\nKleiner Auszug aus dem Buch:<\/span><\/h3>\n<p>Stellen Sie sich vor, Sie k\u00f6nnten Gott die Fragen stellen, die Sie bewegen \u2013 und Sie bek\u00e4men von ihm eine Antwort! Die spontane Eingebung in einer Krisensituation seines Lebens lie\u00df Neale Donald Walsch einen Brief an Gott schreiben. Er f\u00fcllte das Blatt Papier mit einer Menge verzweifelter und auch w\u00fctender Fragen:<br \/>\n&#8211; Warum geht in meinem Leben soviel schief?<br \/>\n&#8211; Was mu\u00df ich tun, um wieder Erfolg zu haben?<br \/>\n&#8211; Warum klappt es in Beziehungen nicht?<br \/>\n&#8211; Was habe ich nur getan, da\u00df mir ein Leben voller Kampf und Anstrengung aufgeb\u00fcrdet wird?<\/p>\n<h2><span id=\"Willkommen_zu_diesem_Augenblick_gt_weiterlesen_im_E-Buch\">Willkommen zu diesem Augenblick =&gt; weiterlesen im E-Buch<\/span><\/h2>\n<p>Bitte etwas Ladezeit gew\u00e4hren \ud83d\ude42<\/p>\n<p><object class=\"vanilla-pdf-embed\" data=\"https:\/\/web.archive.org\/web\/20120717092204\/http:\/\/www.sapientia.ch\/E-Buecher\/GMG\/Band2.pdf#page=1&amp;view=FitH\" type=\"application\/pdf\" width=\"100%\" height=\"500em\" data-mce-fragment=\"1\"><\/object><\/p>\n<hr \/>\n<h2>Oder hier als H\u00f6rbuch<\/h2>\n<p>mit einer L\u00e4nge von 09:21:10:<\/p>\n<p><span class=\"embed-youtube\" style=\"text-align:center; display: block;\"><iframe loading=\"lazy\" class=\"youtube-player\" width=\"584\" height=\"329\" src=\"https:\/\/www.youtube.com\/embed\/Gx5GjJVKJqk?version=3&#038;rel=1&#038;showsearch=0&#038;showinfo=1&#038;iv_load_policy=1&#038;fs=1&#038;hl=de-DE&#038;autohide=2&#038;wmode=transparent\" allowfullscreen=\"true\" style=\"border:0;\" sandbox=\"allow-scripts allow-same-origin allow-popups allow-presentation allow-popups-to-escape-sandbox\"><\/iframe><\/span><\/p>\n<hr \/>\n<p>Gefunden auf <a href=\"http:\/\/sapientia.ch\/ebooks\/gespraeche-mit-gott.html\" target=\"_blank\" rel=\"noopener\">http:\/\/sapientia.ch\/ebooks\/gespraeche-mit-gott.html<\/a>\u00a0 und re-geblogt<\/p>\n<div class=\"sharedaddy sd-sharing-enabled\">\n<div class=\"sharedaddy sd-sharing-enabled\">\n<pre>... sollte ein LINK nicht mehr funktionieren w\u00fcrde ich mich \u00fcber\neine kurze <a href=\"http:\/\/www.amoworkgroups.com\/?page_id=14\">Info per Mail<\/a> sehr freuen :-)<\/pre>\n<p>Viel Freude beim Lesen,<\/p>\n<\/div>\n<div class=\"sharedaddy sd-sharing-enabled\">\n<p>Martin<\/p>\n<hr \/>\n<p>&nbsp;<\/p>\n<\/div>\n<\/div>\n<div class=\"shariff shariff-align-center shariff-widget-align-left\" data-services=\"facebook%7Cvk\" data-url=\"https:\/\/www.amoworkgroups.com\/?page_id=3565\" data-timestamp=\"1527454594\" data-hidezero=\"1\" data-backendurl=\"?rest_route=\/shariff\/v1\/share_counts&\"><div class=\"ShariffHeadline\">TEILEN MIT:<\/div><ul class=\"shariff-buttons theme-round orientation-horizontal buttonsize-medium\"><li class=\"shariff-button mailto shariff-nocustomcolor\" style=\"background-color:#a8a8a8;border-radius:25%\"><a href=\"mailto:?body=https%3A%2F%2Fwww.amoworkgroups.com%2F%3Fpage_id%3D3565&subject=Gespr%C3%A4che%20mit%20Gott%20%E2%80%93%20Band%202\" title=\"Per E-Mail versenden\" aria-label=\"Per E-Mail versenden\" role=\"button\" rel=\"noopener nofollow\" class=\"shariff-link\" style=\";border-radius:25%; background-color:#999; color:#fff\"><span class=\"shariff-icon\" style=\"\"><svg width=\"32px\" height=\"20px\" xmlns=\"http:\/\/www.w3.org\/2000\/svg\" viewBox=\"0 0 32 32\"><path fill=\"#999\" d=\"M32 12.7v14.2q0 1.2-0.8 2t-2 0.9h-26.3q-1.2 0-2-0.9t-0.8-2v-14.2q0.8 0.9 1.8 1.6 6.5 4.4 8.9 6.1 1 0.8 1.6 1.2t1.7 0.9 2 0.4h0.1q0.9 0 2-0.4t1.7-0.9 1.6-1.2q3-2.2 8.9-6.1 1-0.7 1.8-1.6zM32 7.4q0 1.4-0.9 2.7t-2.2 2.2q-6.7 4.7-8.4 5.8-0.2 0.1-0.7 0.5t-1 0.7-0.9 0.6-1.1 0.5-0.9 0.2h-0.1q-0.4 0-0.9-0.2t-1.1-0.5-0.9-0.6-1-0.7-0.7-0.5q-1.6-1.1-4.7-3.2t-3.6-2.6q-1.1-0.7-2.1-2t-1-2.5q0-1.4 0.7-2.3t2.1-0.9h26.3q1.2 0 2 0.8t0.9 2z\"\/><\/svg><\/span><\/a><\/li><li class=\"shariff-button printer shariff-nocustomcolor\" style=\"background-color:#a8a8a8;border-radius:25%\"><a href=\"javascript:window.print()\" title=\"drucken\" aria-label=\"drucken\" role=\"button\" rel=\"noopener nofollow\" class=\"shariff-link\" style=\";border-radius:25%; background-color:#999; color:#fff\"><span class=\"shariff-icon\" style=\"\"><svg width=\"32px\" height=\"20px\" xmlns=\"http:\/\/www.w3.org\/2000\/svg\" viewBox=\"0 0 30 32\"><path fill=\"#999\" d=\"M6.8 27.4h16v-4.6h-16v4.6zM6.8 16h16v-6.8h-2.8q-0.7 0-1.2-0.5t-0.5-1.2v-2.8h-11.4v11.4zM27.4 17.2q0-0.5-0.3-0.8t-0.8-0.4-0.8 0.4-0.3 0.8 0.3 0.8 0.8 0.3 0.8-0.3 0.3-0.8zM29.7 17.2v7.4q0 0.2-0.2 0.4t-0.4 0.2h-4v2.8q0 0.7-0.5 1.2t-1.2 0.5h-17.2q-0.7 0-1.2-0.5t-0.5-1.2v-2.8h-4q-0.2 0-0.4-0.2t-0.2-0.4v-7.4q0-1.4 1-2.4t2.4-1h1.2v-9.7q0-0.7 0.5-1.2t1.2-0.5h12q0.7 0 1.6 0.4t1.3 0.8l2.7 2.7q0.5 0.5 0.9 1.4t0.4 1.6v4.6h1.1q1.4 0 2.4 1t1 2.4z\"\/><\/svg><\/span><\/a><\/li><li class=\"shariff-button whatsapp shariff-nocustomcolor\" style=\"background-color:#5cbe4a;border-radius:25%\"><a href=\"https:\/\/api.whatsapp.com\/send?text=https%3A%2F%2Fwww.amoworkgroups.com%2F%3Fpage_id%3D3565%20Gespr%C3%A4che%20mit%20Gott%20%E2%80%93%20Band%202\" title=\"Bei Whatsapp teilen\" aria-label=\"Bei Whatsapp teilen\" role=\"button\" rel=\"noopener nofollow\" class=\"shariff-link\" style=\";border-radius:25%; background-color:#34af23; color:#fff\" target=\"_blank\"><span class=\"shariff-icon\" style=\"\"><svg width=\"32px\" height=\"20px\" xmlns=\"http:\/\/www.w3.org\/2000\/svg\" viewBox=\"0 0 32 32\"><path fill=\"#34af23\" d=\"M17.6 17.4q0.2 0 1.7 0.8t1.6 0.9q0 0.1 0 0.3 0 0.6-0.3 1.4-0.3 0.7-1.3 1.2t-1.8 0.5q-1 0-3.4-1.1-1.7-0.8-3-2.1t-2.6-3.3q-1.3-1.9-1.3-3.5v-0.1q0.1-1.6 1.3-2.8 0.4-0.4 0.9-0.4 0.1 0 0.3 0t0.3 0q0.3 0 0.5 0.1t0.3 0.5q0.1 0.4 0.6 1.6t0.4 1.3q0 0.4-0.6 1t-0.6 0.8q0 0.1 0.1 0.3 0.6 1.3 1.8 2.4 1 0.9 2.7 1.8 0.2 0.1 0.4 0.1 0.3 0 1-0.9t0.9-0.9zM14 26.9q2.3 0 4.3-0.9t3.6-2.4 2.4-3.6 0.9-4.3-0.9-4.3-2.4-3.6-3.6-2.4-4.3-0.9-4.3 0.9-3.6 2.4-2.4 3.6-0.9 4.3q0 3.6 2.1 6.6l-1.4 4.2 4.3-1.4q2.8 1.9 6.2 1.9zM14 2.2q2.7 0 5.2 1.1t4.3 2.9 2.9 4.3 1.1 5.2-1.1 5.2-2.9 4.3-4.3 2.9-5.2 1.1q-3.5 0-6.5-1.7l-7.4 2.4 2.4-7.2q-1.9-3.2-1.9-6.9 0-2.7 1.1-5.2t2.9-4.3 4.3-2.9 5.2-1.1z\"\/><\/svg><\/span><\/a><\/li><li class=\"shariff-button facebook shariff-nocustomcolor\" style=\"background-color:#4273c8;border-radius:25%\"><a href=\"https:\/\/www.facebook.com\/sharer\/sharer.php?u=https%3A%2F%2Fwww.amoworkgroups.com%2F%3Fpage_id%3D3565\" title=\"Bei Facebook teilen\" aria-label=\"Bei Facebook teilen\" role=\"button\" rel=\"nofollow\" class=\"shariff-link\" style=\";border-radius:25%; background-color:#3b5998; color:#fff\" target=\"_blank\"><span class=\"shariff-icon\" style=\"\"><svg width=\"32px\" height=\"20px\" xmlns=\"http:\/\/www.w3.org\/2000\/svg\" viewBox=\"0 0 18 32\"><path fill=\"#3b5998\" d=\"M17.1 0.2v4.7h-2.8q-1.5 0-2.1 0.6t-0.5 1.9v3.4h5.2l-0.7 5.3h-4.5v13.6h-5.5v-13.6h-4.5v-5.3h4.5v-3.9q0-3.3 1.9-5.2t5-1.8q2.6 0 4.1 0.2z\"\/><\/svg><\/span><span data-service=\"facebook\" style=\"color:#3b5998\" class=\"shariff-count shariff-hidezero\"><\/span>&nbsp;<\/a><\/li><li class=\"shariff-button twitter shariff-nocustomcolor\" style=\"background-color:#595959;border-radius:25%\"><a href=\"https:\/\/twitter.com\/share?url=https%3A%2F%2Fwww.amoworkgroups.com%2F%3Fpage_id%3D3565&text=Gespr%C3%A4che%20mit%20Gott%20%E2%80%93%20Band%202&via=httpstwittercomamoworkgroups\" title=\"Bei X teilen\" aria-label=\"Bei X teilen\" role=\"button\" rel=\"noopener nofollow\" class=\"shariff-link\" style=\";border-radius:25%; background-color:#000; color:#fff\" target=\"_blank\"><span class=\"shariff-icon\" style=\"\"><svg width=\"32px\" height=\"20px\" xmlns=\"http:\/\/www.w3.org\/2000\/svg\" viewBox=\"0 0 24 24\"><path fill=\"#000\" d=\"M14.258 10.152L23.176 0h-2.113l-7.747 8.813L7.133 0H0l9.352 13.328L0 23.973h2.113l8.176-9.309 6.531 9.309h7.133zm-2.895 3.293l-.949-1.328L2.875 1.56h3.246l6.086 8.523.945 1.328 7.91 11.078h-3.246zm0 0\"\/><\/svg><\/span><\/a><\/li><li class=\"shariff-button linkedin shariff-nocustomcolor\" style=\"background-color:#1488bf;border-radius:25%\"><a href=\"https:\/\/www.linkedin.com\/sharing\/share-offsite\/?url=https%3A%2F%2Fwww.amoworkgroups.com%2F%3Fpage_id%3D3565\" title=\"Bei LinkedIn teilen\" aria-label=\"Bei LinkedIn teilen\" role=\"button\" rel=\"noopener nofollow\" class=\"shariff-link\" style=\";border-radius:25%; background-color:#0077b5; color:#fff\" target=\"_blank\"><span class=\"shariff-icon\" style=\"\"><svg width=\"32px\" height=\"20px\" xmlns=\"http:\/\/www.w3.org\/2000\/svg\" viewBox=\"0 0 27 32\"><path fill=\"#0077b5\" d=\"M6.2 11.2v17.7h-5.9v-17.7h5.9zM6.6 5.7q0 1.3-0.9 2.2t-2.4 0.9h0q-1.5 0-2.4-0.9t-0.9-2.2 0.9-2.2 2.4-0.9 2.4 0.9 0.9 2.2zM27.4 18.7v10.1h-5.9v-9.5q0-1.9-0.7-2.9t-2.3-1.1q-1.1 0-1.9 0.6t-1.2 1.5q-0.2 0.5-0.2 1.4v9.9h-5.9q0-7.1 0-11.6t0-5.3l0-0.9h5.9v2.6h0q0.4-0.6 0.7-1t1-0.9 1.6-0.8 2-0.3q3 0 4.9 2t1.9 6z\"\/><\/svg><\/span><\/a><\/li><li class=\"shariff-button vk shariff-nocustomcolor\" style=\"background-color:#4273c8;border-radius:25%\"><a href=\"https:\/\/vk.com\/share.php?url=https%3A%2F%2Fwww.amoworkgroups.com%2F%3Fpage_id%3D3565\" title=\"Bei VK teilen\" aria-label=\"Bei VK teilen\" role=\"button\" rel=\"noopener nofollow\" class=\"shariff-link\" style=\";border-radius:25%; background-color:#527498; color:#fff\" target=\"_blank\"><span class=\"shariff-icon\" style=\"\"><svg width=\"32px\" height=\"20px\" xmlns=\"http:\/\/www.w3.org\/2000\/svg\" viewBox=\"0 0 34 32\"><path fill=\"#527498\" d=\"M34.2 9.3q0.4 1.1-2.7 5.3-0.4 0.6-1.2 1.5-1.4 1.8-1.6 2.3-0.3 0.7 0.3 1.4 0.3 0.4 1.4 1.5h0l0.1 0.1q2.5 2.3 3.4 3.9 0.1 0.1 0.1 0.2t0.1 0.5 0 0.6-0.4 0.5-1.1 0.2l-4.6 0.1q-0.4 0.1-1-0.1t-0.9-0.4l-0.4-0.2q-0.5-0.4-1.2-1.1t-1.2-1.4-1.1-1-1-0.3q-0.1 0-0.1 0.1t-0.3 0.3-0.4 0.5-0.3 0.9-0.1 1.4q0 0.3-0.1 0.5t-0.1 0.3l-0.1 0.1q-0.3 0.3-0.9 0.4h-2.1q-1.3 0.1-2.6-0.3t-2.3-0.9-1.8-1.2-1.3-1l-0.4-0.4q-0.2-0.2-0.5-0.5t-1.3-1.6-1.9-2.7-2.2-3.8-2.3-4.9q-0.1-0.3-0.1-0.5t0.1-0.3l0.1-0.1q0.3-0.3 1-0.3l4.9 0q0.2 0 0.4 0.1t0.3 0.2l0.1 0.1q0.3 0.2 0.4 0.6 0.4 0.9 0.8 1.8t0.7 1.5l0.3 0.5q0.5 1.1 1 1.9t0.9 1.2 0.7 0.7 0.6 0.3 0.5-0.1q0 0 0.1-0.1t0.2-0.4 0.2-0.8 0.2-1.4 0-2.2q0-0.7-0.2-1.3t-0.2-0.8l-0.1-0.2q-0.4-0.6-1.5-0.8-0.2 0 0.1-0.4 0.3-0.3 0.7-0.5 0.9-0.5 4.3-0.4 1.5 0 2.4 0.2 0.4 0.1 0.6 0.2t0.4 0.4 0.2 0.6 0.1 0.8 0 1 0 1.3 0 1.5q0 0.2 0 0.8t0 0.9 0.1 0.7 0.2 0.7 0.4 0.4q0.1 0 0.3 0.1t0.5-0.2 0.7-0.6 0.9-1.2 1.2-1.9q1.1-1.9 1.9-4 0.1-0.2 0.2-0.3t0.2-0.2l0.1-0.1 0.1 0t0.2-0.1 0.4 0l5.1 0q0.7-0.1 1.1 0t0.6 0.3z\"\/><\/svg><\/span><span data-service=\"vk\" style=\"color:#527498\" class=\"shariff-count shariff-hidezero\"><\/span>&nbsp;<\/a><\/li><\/ul><\/div>","protected":false},"excerpt":{"rendered":"<p>Band 2 &#8211; Gesellschaft und Bewusstseinswandel Vorneweg &#8211; f\u00fcr Alle, f\u00fcr die das Wort &#8222;Gott&#8220; sich &#8222;komisch&#8220;, &#8222;belegt&#8220; oder &#8222;ungut&#8220; ansp\u00fcrt &#8211; bitte einfach ersetzen mit &#8222;universelle Intelligenz&#8220; &#8211; die B\u00fccher von Neale Donald Walsch heben nichts mit Religion zu &hellip; <a href=\"https:\/\/www.amoworkgroups.com\/?page_id=3565\">Weiterlesen <span class=\"meta-nav\">&rarr;<\/span><\/a><\/p>\n","protected":false},"author":1,"featured_media":0,"parent":3558,"menu_order":2,"comment_status":"closed","ping_status":"closed","template":"sidebar-page.php","meta":{"jetpack_post_was_ever_published":false,"footnotes":""},"class_list":["post-3565","page","type-page","status-publish","hentry"],"jetpack_sharing_enabled":true,"jetpack_shortlink":"https:\/\/wp.me\/P4OMVl-Vv","jetpack_likes_enabled":true,"jetpack-related-posts":[],"amp_enabled":false,"_links":{"self":[{"href":"https:\/\/www.amoworkgroups.com\/index.php?rest_route=\/wp\/v2\/pages\/3565","targetHints":{"allow":["GET"]}}],"collection":[{"href":"https:\/\/www.amoworkgroups.com\/index.php?rest_route=\/wp\/v2\/pages"}],"about":[{"href":"https:\/\/www.amoworkgroups.com\/index.php?rest_route=\/wp\/v2\/types\/page"}],"author":[{"embeddable":true,"href":"https:\/\/www.amoworkgroups.com\/index.php?rest_route=\/wp\/v2\/users\/1"}],"replies":[{"embeddable":true,"href":"https:\/\/www.amoworkgroups.com\/index.php?rest_route=%2Fwp%2Fv2%2Fcomments&post=3565"}],"version-history":[{"count":5,"href":"https:\/\/www.amoworkgroups.com\/index.php?rest_route=\/wp\/v2\/pages\/3565\/revisions"}],"predecessor-version":[{"id":3607,"href":"https:\/\/www.amoworkgroups.com\/index.php?rest_route=\/wp\/v2\/pages\/3565\/revisions\/3607"}],"up":[{"embeddable":true,"href":"https:\/\/www.amoworkgroups.com\/index.php?rest_route=\/wp\/v2\/pages\/3558"}],"wp:attachment":[{"href":"https:\/\/www.amoworkgroups.com\/index.php?rest_route=%2Fwp%2Fv2%2Fmedia&parent=3565"}],"curies":[{"name":"wp","href":"https:\/\/api.w.org\/{rel}","templated":true}]}}