{"id":3516,"date":"2018-05-06T22:07:11","date_gmt":"2018-05-07T02:07:11","guid":{"rendered":"http:\/\/www.amoworkgroups.com\/?page_id=3516"},"modified":"2018-05-06T22:22:18","modified_gmt":"2018-05-07T02:22:18","slug":"datenschutz","status":"publish","type":"page","link":"https:\/\/www.amoworkgroups.com\/?page_id=3516","title":{"rendered":"Datenschutz"},"content":{"rendered":"<header>\n<h1 class=\"\">Datenschutzerkl\u00e4rung<\/h1>\n<\/header>\n<div class=\"ce-textpic ce-right ce-intext\">\n<div class=\"ce-bodytext\">\n<p>Die <strong><em>AmoWorkGroups<\/em><\/strong> freut sich \u00fcber Ihren Besuch auf unseren Webseiten und Ihr damit uns entgegengebrachtes Vertrauen und Interesse an unseren Angeboten. Der Schutz Ihrer personenbezogenen Daten bei der Verarbeitung und somit die Wahrung Ihrer Pers\u00f6nlichkeitsrechte auf informationelle Selbstbestimmung ist f\u00fcr uns ein zentrales Anliegen. Wir m\u00f6chten, dass Sie sich beim Besuch unserer Webseiten jederzeit sicher f\u00fchlen. Im Folgenden geben wir Ihnen einen \u00dcberblick dar\u00fcber, welche Informationen wir w\u00e4hrend Ihres Besuchs auf unseren Webseiten erfassen und wie diese genutzt werden:<\/p>\n<h2>Personenbezogene Daten<\/h2>\n<p>sind Informationen zu Ihrer Identit\u00e4t. Hierunter fallen z. B. Angaben wie Name, Adresse, Telefonnummer und E-Mail-Adresse.<\/p>\n<p>F\u00fcr die Nutzung des Internetangebots der <strong><em>AmoWorkGroups<\/em><\/strong> ist die Angabe von personenbezogenen Daten grunds\u00e4tzlich nicht erforderlich. Sollte dies abweichend hiervon in begr\u00fcndeten F\u00e4llen doch erforderlich sein, (bspw. zur Beantwortung individueller Fragen oder damit wir eine bestimmte Dienstleistung f\u00fcr Sie erbringen k\u00f6nnen) werden wir Sie darauf hinweisen. Ihre pers\u00f6nlichen Daten werden entsprechend den deutschen und europ\u00e4ischen Datenschutzbestimmungen gespeichert und verarbeitet.<\/p>\n<h2>Datensicherheit<\/h2>\n<p>Wir haben technische und organisatorische Sicherheitsma\u00dfnahmen getroffen, um ihre personenbezogenen Daten vor Verlust, Zerst\u00f6rung, Manipulation und unberechtigten Zugriff zu sch\u00fctzen. Alle unsere Mitarbeiter und alle an der Datenverarbeitung beteiligten Dritten sind auf das Bundesdatenschutzgesetz und den vertraulichen Umgang mit personenbezogenen Daten verpflichtet. Im Falle der Erhebung und Verarbeitung personenbezogener Daten \u00fcber unsere Webseite werden die Informationen in verschl\u00fcsselter Form \u00fcbertragen, um einem Missbrauch durch Dritte vorzubeugen. Unsere Sicherungsma\u00dfnahmen werden entsprechend der technologischen Entwicklung fortlaufend \u00fcberarbeitet.<\/p>\n<h2>Cookies<\/h2>\n<p>Wir verwenden Cookies um Pr\u00e4ferenzen der Besucher zu verfolgen und unsere Webseiten entsprechend optimal gestalten zu k\u00f6nnen. Cookies sind kleine Textdateien, die auf Ihrem Computer gespeichert werden, wenn Sie unsere Internetseite besuchen. Wenn Sie es m\u00f6chten, k\u00f6nnen Sie die Cookies jederzeit wieder l\u00f6schen. Dies kann allerdings dazu f\u00fchren, dass Ihnen einzelne Funktionen nicht mehr zur Verf\u00fcgung stehen. Zum L\u00f6schen der Cookies informieren Sie sich bitte in der Hilfefunktion Ihres Browsers.<\/p>\n<h2>Kontaktm\u00f6glichkeit<\/h2>\n<p>Sie k\u00f6nnen \u00fcber unser Kontaktformular Nachrichten und Fragen an uns \u00fcbermitteln. Ihre so an uns \u00fcbermittelten Daten werden ausschlie\u00dflich zweckgebunden verwendet und nicht an Dritte weitergegeben.<\/p>\n<h2>Google Analytics<\/h2>\n<p>Wir verwenden auf unserer Webseite den Webanalysedienst Google Analytics, der Google Inc. (\u201eGoogle\u201c). Google Analytics \u00a0verwendet \u201eCookies\u201c (s.o.), die auf Ihrem Computer gespeichert werden um so eine Analyse der Nutzung unserer Webseite zu erm\u00f6glichen.<\/p>\n<p>Die so erlangten Informationen (einschlie\u00dflich Ihrer anonymisierten IP-Adresse) werden an einen Server von Google in die USA \u00fcbertragen und dort gespeichert.<\/p>\n<p>Google wird Ihr Nutzerverhalten auswerten, um Berichte (\u201eReports\u201c) \u00fcber die Aktivit\u00e4ten auf unserer Webseite f\u00fcr uns zusammenzustellen und um weitere mit der Webseitennutzung und der Internetnutzung verbundene Dienstleistungen zu erbringen. Google wird diese Informationen gegebenenfalls an Dritte \u00fcbertragen, falls dies gesetzlich vorgeschrieben ist oder falls Dritte diese Daten im Auftrag von Google verarbeiten. Google wird jedoch in keinem Fall Ihre IP-Adresse mit anderen Daten von Google in Verbindung bringen.<\/p>\n<p>Sie k\u00f6nnen die Speicherung der Cookies durch eine entsprechende Einstellung Ihrer Browser-Software verhindern. Wir weisen Sie jedoch darauf hin, dass Sie in diesem Fall gegebenenfalls nicht s\u00e4mtliche Funktionen unserer Webseite vollumf\u00e4nglich nutzen k\u00f6nnen. Durch die Nutzung unserer Webseite erkl\u00e4ren Sie sich mit der Bearbeitung der \u00fcber Sie erhobenen Daten durch Google in der zuvor beschriebenen Art und Weise und zu dem zuvor benannten Zweck einverstanden.<\/p>\n<p>N\u00e4here Informationen zu den Nutzungsbedingungen und Datenschutz von \u201eGoogle\u201c finden Sie unter <a href=\"http:\/\/www.google.com\/analytics\/terms\/de.html\">http:\/\/www.google.com\/analytics\/terms\/de.html<\/a> bzw. unter <a href=\"https:\/\/www.google.de\/intl\/de\/policies\/\">https:\/\/www.google.de\/intl\/de\/policies\/<\/a>.<\/p>\n<p>Wir haben Ihnen auf unseren Seiten die M\u00f6glichkeit einger\u00e4umt das Google Analytics Tracking abzuschalten. Dies k\u00f6nnen Sie mit dem nachfolgenden Link durchf\u00fchren:<\/p>\n<p style=\"text-align: center;\"><a href=\"javascript:gaoo_handle_optout();\" id=\"gaoo-link\" class=\"gaoo-link-deactivate\">Verbiete Google Analytics, mich zu verfolgen<\/a><\/p>\n<h2>Social Media Plugins<\/h2>\n<p>Auf unserer Internetseite werden sogenannte Social-Plugins der nachstehenden Anbieter verwendet:<\/p>\n<ul>\n<li>Facebook Inc., 1601 South California Avenue, Palo Alto, CA 94304, USA <a href=\"http:\/\/www.facebook.com\/about\/privacy\/\">http:\/\/www.facebook.com\/about\/privacy\/<\/a><\/li>\n<li>Twitter Inc, San Francisco, Kalifornien, USA<br \/>\n<a href=\"https:\/\/twitter.com\/de\/privacy\" target=\"_blank\" rel=\"noopener\">https:\/\/twitter.com\/de\/privacy<\/a><\/li>\n<li>YouTube LLC, 901 Cherry Ave., San Bruno, CA 94066, USA <a href=\"https:\/\/www.google.de\/intl\/de\/policies\/privacy\/\">https:\/\/www.google.de\/intl\/de\/policies\/privacy\/<\/a><\/li>\n<li>Google Inc. (\u201eGoogle +1), Google Inc., Amphitheatre Parkway, Mountain View, CA 94043, USA <a href=\"https:\/\/www.google.de\/intl\/de\/policies\">https:\/\/www.google.de\/intl\/de\/policies<\/a><\/li>\n<\/ul>\n<p>Auf die Art und den Umfang der Daten, die von den sozialen Netzwerken erhoben werden, haben wir keinen Einfluss. Zweck und Umfang der Datenerhebung und die weitere Verarbeitung und Nutzung der Daten sowie Ihre diesbez\u00fcglichen Rechte und M\u00f6glichkeiten zum Schutz Ihrer Privatsph\u00e4re entnehmen Sie bitte den jeweiligen Datenschutzhinweisen der Anbieter.<\/p>\n<p>Vorstehende Plugins wurden mit der \u201eShariff\u201c-L\u00f6sung eingebunden. Mit Hilfe von \u201eShariff\u201c k\u00f6nnen Sie selbst bestimmen, ob und wann Daten an die Betreiber von Facebook \u00fcbermittelt werden. Wenn Sie unsere Webseiten aufrufen, werden daher grunds\u00e4tzlich keine Daten automatisch an die Webseitenbetreiber \u00fcbermittelt. Erst wenn Sie selbst aktiv auf den jeweiligen Button klicken, stellt Ihr Internetbrowser eine Verbindung zu den Servern von Facebook her, das hei\u00dft mit Klick auf den jeweiligen Button willigen Sie ein, dass Ihr Internetbrowser eine Verbindung herstellt und Nutzungsdaten \u00fcbermittelt werden.<\/p>\n<p>F\u00fcr weitere Informationen schauen Sie sich f\u00fcr die Sozial Media Plugins auch bitte unsere Impressum Seite durch.<\/p>\n<h2>Auskunftsrecht<\/h2>\n<p>Sie k\u00f6nnen jederzeit Auskunft \u00fcber die von uns \u00fcber Sie gespeicherten Daten bekommen. Bei Bedarf schreiben Sie bitte an:<\/p>\n<p><a href=\"mailto:info@kanalmesstechnik.de\">info@kanalmesstechnik.de<\/a> oder an unsere im Impressum angegebene Adresse.<\/p>\n<h2>Widerspruchsrecht<\/h2>\n<p>Weiterhin k\u00f6nnen Sie jederzeit Ihre Einwilligung zur Erhebung, Verarbeitung und Nutzung Ihrer personenbezogenen Daten f\u00fcr die Zukunft widerrufen. Die L\u00f6schung der personenbezogenen Daten erfolgt, wenn Sie die Einwilligung zur Speicherung widerrufen, wenn die Kenntnis der personenbezogenen Daten zur Erf\u00fcllung des mit der Speicherung verfolgten Zwecks nicht mehr erforderlich ist oder wenn die Speicherung aus sonstigen gesetzlichen Gr\u00fcnden unzul\u00e4ssig ist. Daten, die f\u00fcr Abrechnungs- und Buchhaltungszwecke erforderlich sind oder der gesetzlichen Aufbewahrungspflicht unterliegen, sind davon nicht ber\u00fchrt.<\/p>\n<h2>Fragen, Anregungen, Beschwerden<\/h2>\n<p>Wenn Sie weitergehende Fragen zu unseren Hinweisen, zum Datenschutz und zur Verarbeitung Ihrer pers\u00f6nlichen Daten haben, k\u00f6nnen Sie sich jederzeit direkt an uns wenden. Wir stehen Ihnen jederzeit auch im Falle von Auskunftsersuchen, Anregungen oder bei Beschwerden zur Verf\u00fcgung.<\/p>\n<\/div>\n<p>Ihre\u00a0<strong><em>AmoWorkGroups<\/em><\/strong><\/p>\n<\/div>\n","protected":false},"excerpt":{"rendered":"<p>Datenschutzerkl\u00e4rung Die AmoWorkGroups freut sich \u00fcber Ihren Besuch auf unseren Webseiten und Ihr damit uns entgegengebrachtes Vertrauen und Interesse an unseren Angeboten. Der Schutz Ihrer personenbezogenen Daten bei der Verarbeitung und somit die Wahrung Ihrer Pers\u00f6nlichkeitsrechte auf informationelle Selbstbestimmung ist &hellip; <a href=\"https:\/\/www.amoworkgroups.com\/?page_id=3516\">Weiterlesen <span class=\"meta-nav\">&rarr;<\/span><\/a><\/p>\n","protected":false},"author":1,"featured_media":0,"parent":2908,"menu_order":2,"comment_status":"closed","ping_status":"closed","template":"","meta":{"jetpack_post_was_ever_published":false,"footnotes":""},"class_list":["post-3516","page","type-page","status-publish","hentry"],"jetpack_sharing_enabled":false,"jetpack_shortlink":"https:\/\/wp.me\/P4OMVl-UI","jetpack_likes_enabled":false,"jetpack-related-posts":[],"amp_enabled":true,"_links":{"self":[{"href":"https:\/\/www.amoworkgroups.com\/index.php?rest_route=\/wp\/v2\/pages\/3516","targetHints":{"allow":["GET"]}}],"collection":[{"href":"https:\/\/www.amoworkgroups.com\/index.php?rest_route=\/wp\/v2\/pages"}],"about":[{"href":"https:\/\/www.amoworkgroups.com\/index.php?rest_route=\/wp\/v2\/types\/page"}],"author":[{"embeddable":true,"href":"https:\/\/www.amoworkgroups.com\/index.php?rest_route=\/wp\/v2\/users\/1"}],"replies":[{"embeddable":true,"href":"https:\/\/www.amoworkgroups.com\/index.php?rest_route=%2Fwp%2Fv2%2Fcomments&post=3516"}],"version-history":[{"count":3,"href":"https:\/\/www.amoworkgroups.com\/index.php?rest_route=\/wp\/v2\/pages\/3516\/revisions"}],"predecessor-version":[{"id":3521,"href":"https:\/\/www.amoworkgroups.com\/index.php?rest_route=\/wp\/v2\/pages\/3516\/revisions\/3521"}],"up":[{"embeddable":true,"href":"https:\/\/www.amoworkgroups.com\/index.php?rest_route=\/wp\/v2\/pages\/2908"}],"wp:attachment":[{"href":"https:\/\/www.amoworkgroups.com\/index.php?rest_route=%2Fwp%2Fv2%2Fmedia&parent=3516"}],"curies":[{"name":"wp","href":"https:\/\/api.w.org\/{rel}","templated":true}]}}