{"id":3375,"date":"2018-04-16T01:37:10","date_gmt":"2018-04-16T00:37:10","guid":{"rendered":"http:\/\/www.amoworkgroups.com\/?page_id=3375"},"modified":"2018-05-04T20:44:13","modified_gmt":"2018-05-05T00:44:13","slug":"agnihotra","status":"publish","type":"page","link":"https:\/\/www.amoworkgroups.com\/?page_id=3375","title":{"rendered":"AGNIHOTRA &#8211; das Feuer-Ritual"},"content":{"rendered":"<pre><strong>Quelle aller Informationen: Homa-Hof Heiligenberg<\/strong>\n<strong>Europ\u00e4isches Zentrum zur F\u00f6rderung von Agnihotra<\/strong><\/pre>\n<h1>AGNIHOTRA &#8211; das Feuer-Ritual<\/h1>\n<p>ist ein Vorgang zur Reinigung der Atmosph\u00e4re mit Hilfe von Feuer.<\/p>\n<p><em>Agnihotra<\/em> ist die grundlegende Feuertechnik, die auf dem Biorhythmus von Sonnenauf- und Sonnenuntergang beruht und bereits in den jahrtausende alten <a href=\"https:\/\/agnihotra-online.com\/index.php\/de\/hintergrundwissen\/veden\" target=\"_blank\" rel=\"noopener\">Veden<\/a>\u00a0zu finden ist. Auch in der Bibel wird es erw\u00e4hnt (Daniel 8.26):<\/p>\n<blockquote>\n<p style=\"text-align: center;\">\u201eDieses Feuer zum Morgen und Abend aber halte geheim, denn es ist noch eine lange Zeit dahin.\u201c<\/p>\n<\/blockquote>\n<p>Die Wiederbelebung von <strong><em>Agnihotra<\/em><\/strong> geschah auf eine Weise, dass es besondere Hilfe f\u00fcr die gravierenden Probleme der heutigen Zeit bringt: <em><strong>zur Reinigung von Wasser, Luft, Erde sowie zur Regeneration und Harmonisierung von K\u00f6rper, Seele und Geist<\/strong><\/em>.<\/p>\n<p>Diese leicht erlernbare Feuertechnik kann in wenigen Minuten durchgef\u00fchrt werden &#8211; unabh\u00e4ngig von Religionszugeh\u00f6rigkeit und Glauben.<\/p>\n<p><img data-recalc-dims=\"1\" loading=\"lazy\" decoding=\"async\" data-attachment-id=\"3382\" data-permalink=\"https:\/\/www.amoworkgroups.com\/?attachment_id=3382\" data-orig-file=\"https:\/\/i0.wp.com\/www.amoworkgroups.com\/wp-content\/uploads\/2018\/04\/Agnihotra_2.jpg?fit=200%2C308&amp;ssl=1\" data-orig-size=\"200,308\" data-comments-opened=\"1\" data-image-meta=\"{&quot;aperture&quot;:&quot;0&quot;,&quot;credit&quot;:&quot;&quot;,&quot;camera&quot;:&quot;&quot;,&quot;caption&quot;:&quot;&quot;,&quot;created_timestamp&quot;:&quot;0&quot;,&quot;copyright&quot;:&quot;&quot;,&quot;focal_length&quot;:&quot;0&quot;,&quot;iso&quot;:&quot;0&quot;,&quot;shutter_speed&quot;:&quot;0&quot;,&quot;title&quot;:&quot;&quot;,&quot;orientation&quot;:&quot;0&quot;}\" data-image-title=\"Agnihotra_2\" data-image-description=\"\" data-image-caption=\"\" data-large-file=\"https:\/\/i0.wp.com\/www.amoworkgroups.com\/wp-content\/uploads\/2018\/04\/Agnihotra_2.jpg?fit=200%2C308&amp;ssl=1\" class=\"alignright wp-image-3382 size-medium\" title=\"Agnihotra Feuer\" src=\"https:\/\/i0.wp.com\/www.amoworkgroups.com\/wp-content\/uploads\/2018\/04\/Agnihotra_2.jpg?resize=122%2C188\" alt=\"Agnihotra Feuer\" width=\"122\" height=\"188\" srcset=\"https:\/\/i0.wp.com\/www.amoworkgroups.com\/wp-content\/uploads\/2018\/04\/Agnihotra_2.jpg?resize=122%2C188&amp;ssl=1 122w, https:\/\/i0.wp.com\/www.amoworkgroups.com\/wp-content\/uploads\/2018\/04\/Agnihotra_2.jpg?resize=195%2C300&amp;ssl=1 195w, https:\/\/i0.wp.com\/www.amoworkgroups.com\/wp-content\/uploads\/2018\/04\/Agnihotra_2.jpg?w=200&amp;ssl=1 200w\" sizes=\"auto, (max-width: 122px) 100vw, 122px\" \/>Beim <strong><em>Agnihotra<\/em><\/strong> werden zu Sonnenauf- und Sonnenuntergang spezielle vorgegebene Zutaten in einem pyramidenf\u00f6rmigen Kupfergef\u00e4\u00df verbrannt. Dabei werden einige Laute (Mantra) gesungen, die exakt auf die Schwingungsverh\u00e4ltnisse von Sonnenauf- bzw. Sonnenuntergang abgestimmt sind.<\/p>\n<p>Die Natur befindet sich zu Sonnenauf- und Sonnenuntergang in einem Energiezustand des vollkommenen Kr\u00e4fteausgleichs. Eine segensreiche Flut feinstofflicher Energien ergie\u00dft sich zu dieser Zeit auf die Erde.<\/p>\n<hr \/>\n<h1><strong>Heilung der Atmosph\u00e4re durch Agnihotra<\/strong><\/h1>\n<p>Nach dem Prinzip der Resonanz entsteht bei der Durchf\u00fchrung von <strong><em>Agnihotra<\/em><\/strong> eine Vielfalt wertvoller reinigender und aufbauender Energien, die mit dem Rauch in die Atmosph\u00e4re gelangen und eingeatmet werden k\u00f6nnen. Sie schenken heilsame aufbauende Kr\u00e4fte f\u00fcr Mensch und Natur und erm\u00f6glichen eine Wiederherstellung des \u00f6kologischen Gleichgewichts.<\/p>\n<p>Ihre segensreiche Wirkung erstreckt sich in einem Radius von etwa 1,5 km und bis in 12 km H\u00f6he.<\/p>\n<p>Die verbleibende <em><strong>hochenergetische Agnihotra-Asche<\/strong><\/em> wird\u00a0\u00e4u\u00dferst erfolgreich in der Homa-Landwirtschaft und in der Homa-Therapie eingesetzt.<\/p>\n<div class=\"page\" title=\"Page 1\">\n<div class=\"layoutArea\">\n<div class=\"column\">\n<ul>\n<li>Agnihotra-Asche verhilft Planzen von der Keimphase an zu gesundem und kr\u00e4ftigem Wachstum \u2013 ohne Pestizide und synthetisch hergestellte D\u00fcnger<\/li>\n<li>Die Agnihotra-Asche wirkt in den Versuchen gegen krankheitserregende Keime und reinigt verschmutztes Wasser!<\/li>\n<li>Agnihotra-Asche energetisiert in einem sehr hohen Ma\u00dfe das Wasser. Die H\u00e4rte wird reduziert ebenso die Menge der pathogenen Keime (um bis zu 95%).<\/li>\n<li>Die Asche kann f\u00fcr Mensch, Tier und Pflanze zur St\u00e4rkung und Entgiftung eingesetzt werden. Die Bodenstruktur wird verbessert, f\u00fcr h\u00f6here Ernteertr\u00e4ge mit besserer Qualit\u00e4t an Geschmack und Lagerf\u00e4higkeit.<\/li>\n<li>Die Agnihotra Asche ist extrem reich an Mineralstoffen und Spurenelementen. Es sollen 92 Elemente des Periodensystems in einem harmonischen Verh\u00e4ltnis enthalten sein, so steht es im Agnihotra Buch\u00a0<a href=\"https:\/\/www.amazon.de\/gp\/product\/3893160213\/ref=as_li_tl?ie=UTF8&amp;camp=1638&amp;creative=6742&amp;creativeASIN=3893160213&amp;linkCode=as2&amp;tag=wwwfreudeamko-21\" target=\"_blank\" rel=\"nofollow noopener\">Agnihotra: Ursprung, Praxis und Anwendungen<\/a>\u00a0von Horst &amp; Birgit Heigl (Autor)<\/li>\n<li>Der PH Wert ist bei 10,3. Die Asche ist hoch energetisch und schwingt wie Gold.<\/li>\n<\/ul>\n<\/div>\n<\/div>\n<\/div>\n<hr \/>\n<h1>Agnihotra folgt dem Grundsatz<\/h1>\n<blockquote>\n<p style=\"text-align: center;\">\u201eHeile die Atmosph\u00e4re und die Atmosph\u00e4re heilt dich.\u201c<\/p>\n<\/blockquote>\n<p>Mit Atmosph\u00e4re ist nicht nur die Lufth\u00fclle um unseren Planeten gemeint, sondern auch die feinstoffliche Atmosph\u00e4re, welche im besonderen Ma\u00dfe unsere Stimmung und unser Handeln beeinflusst. Durch <em><strong>Agnihotra<\/strong><\/em> geschieht eine sehr starke Harmonisierung und Reinigung sowohl auf der feinstofflichen Ebene wie auch im physikalisch messbaren Bereich. Ein positives Denken und Handeln wird damit sehr erleichtert.<\/p>\n<p><em><strong>Agnihotra<\/strong><\/em> hat nur richtig durchgef\u00fchrt seine volle Wirksamkeit. Es handelt sich dabei nicht um eine Erfindung, die durch Ver\u00e4nderungen verbessert werden kann, sondern um offenbartes Wissen. Es ist bereits in sich vollkommen. Ver\u00e4ndern Sie daher <em>Agnihotra<\/em> nicht.<\/p>\n<hr \/>\n<h1>Die Agnihotra-Praxis<\/h1>\n<div>\n<p>Die Durchf\u00fchrung von <strong><em>Agnihotra<\/em><\/strong> ist einfach und dauert bei entsprechender Vorbereitung nur etwa 10 Minuten. Die folgenden drei kurzen Videofilme zeigen Wissenswertes \u00fcber Zutaten, Vorbereitung und Durchf\u00fchrung von Agnihotra.<\/p>\n<h2>Agnihotra-Zutaten<\/h2>\n<ul>\n<li><a href=\"https:\/\/agnihotra-online.com\/index.php\/de\/agnihotra-deu\/agnihotra-praxis\/agnihotra-topf\" target=\"_blank\" rel=\"noopener\">Agnihotra-Topf<\/a><a href=\"https:\/\/agnihotra-online.com\/index.php\/de\/agnihotra-deu\/agnihotra-praxis\/agnihotra-topf\" target=\"_blank\" rel=\"noopener\"><img data-recalc-dims=\"1\" loading=\"lazy\" decoding=\"async\" data-attachment-id=\"3383\" data-permalink=\"https:\/\/www.amoworkgroups.com\/?attachment_id=3383\" data-orig-file=\"https:\/\/i0.wp.com\/www.amoworkgroups.com\/wp-content\/uploads\/2018\/04\/Agnihotra_3.jpg?fit=234%2C195&amp;ssl=1\" data-orig-size=\"234,195\" data-comments-opened=\"1\" data-image-meta=\"{&quot;aperture&quot;:&quot;0&quot;,&quot;credit&quot;:&quot;&quot;,&quot;camera&quot;:&quot;&quot;,&quot;caption&quot;:&quot;&quot;,&quot;created_timestamp&quot;:&quot;0&quot;,&quot;copyright&quot;:&quot;&quot;,&quot;focal_length&quot;:&quot;0&quot;,&quot;iso&quot;:&quot;0&quot;,&quot;shutter_speed&quot;:&quot;0&quot;,&quot;title&quot;:&quot;&quot;,&quot;orientation&quot;:&quot;1&quot;}\" data-image-title=\"Agnihotra_3\" data-image-description=\"\" data-image-caption=\"\" data-large-file=\"https:\/\/i0.wp.com\/www.amoworkgroups.com\/wp-content\/uploads\/2018\/04\/Agnihotra_3.jpg?fit=234%2C195&amp;ssl=1\" class=\"alignright wp-image-3383 size-medium\" title=\"Agnihotra Utensilien\" src=\"https:\/\/i0.wp.com\/www.amoworkgroups.com\/wp-content\/uploads\/2018\/04\/Agnihotra_3.jpg?resize=226%2C188\" alt=\"Agnihotra Utensilien\" width=\"226\" height=\"188\" srcset=\"https:\/\/i0.wp.com\/www.amoworkgroups.com\/wp-content\/uploads\/2018\/04\/Agnihotra_3.jpg?resize=226%2C188&amp;ssl=1 226w, https:\/\/i0.wp.com\/www.amoworkgroups.com\/wp-content\/uploads\/2018\/04\/Agnihotra_3.jpg?w=234&amp;ssl=1 234w\" sizes=\"auto, (max-width: 226px) 100vw, 226px\" \/><\/a> (Kupfergef\u00e4\u00df mit vorgegebener Gr\u00f6\u00dfe<\/li>\n<li><a href=\"https:\/\/agnihotra-online.com\/index.php\/de\/agnihotra-deu\/agnihotra-praxis\/getrockneter-kuhdung\" target=\"_blank\" rel=\"noopener\">Getrockneter Kuhdung<\/a>\u00a0(wobei daf\u00fcr nur K\u00fche in Frage kommen, die mind. 1x gekalbt haben und noch H\u00f6rner besitzen)<\/li>\n<li><a href=\"https:\/\/agnihotra-online.com\/index.php\/de\/agnihotra-deu\/agnihotra-praxis\/ghee\" target=\"_blank\" rel=\"noopener\">Ghee<\/a> (ausgelassene, gekl\u00e4rte Butter; Butterschmalz ohne Zus\u00e4tze)<\/li>\n<li>Vollkornreis (Naturreis, ganze ungekochte K\u00f6rner) und kleine Schale<\/li>\n<li><a href=\"https:\/\/agnihotra-online.com\/index.php\/de\/agnihotra-deu\/agnihotra-praxis\/agnihotra-mantra\" target=\"_blank\" rel=\"noopener\">Mantra<\/a> (genaue Kenntnis der Wort-Klang-Kombination)<\/li>\n<\/ul>\n<p>Diese Zutaten sind in ihren Eigenschaften stark reinigend, ausgleichend und im Kr\u00e4ftespiel neutral. Weiter werden ben\u00f6tigt:<\/p>\n<ul>\n<li><a href=\"https:\/\/agnihotra-online.com\/index.php\/de\/agnihotra-deu\/agnihotra-zeitenberechnung\" target=\"_blank\" rel=\"noopener\">Sonnenauf- bzw. Sonnenuntergangszeit<\/a><\/li>\n<li>genaue Uhrzeit (z.B. funkgesteuerte Uhr)<\/li>\n<li>Streichh\u00f6lzer (kein Feuerzeug)<\/li>\n<li>Bienenwachskerze<\/li>\n<li>Hitzebest\u00e4ndige Unterlage, z.B. Steinplatte oder Ziegelstein<\/li>\n<\/ul>\n<h2>Agnihotra-Vorbereitung<\/h2>\n<ul>\n<li>Liste mit den Sonnenauf- und Sonnenuntergangszeiten f\u00fcr den jeweiligen Ort ansehen und die Zeit f\u00fcr den aktuellen Tag heraussuchen<\/li>\n<li>Trockene Kuhdungst\u00fccke in die passende Gr\u00f6\u00dfe brechen und mit Ghee bestreichen<\/li>\n<li>Kupfertopf auf hitzebest\u00e4ndige Unterlage stellen<\/li>\n<li>Naturreis mit Ghee vermengt in einem Glas- oder Kupfersch\u00e4lchen bereitstellen<\/li>\n<li>Bienenwachskerze, Streichh\u00f6lzer und Uhr daneben aufstellen<\/li>\n<li>Auf geeigneten Rauchabzug im Inneren eines Geb\u00e4udes oder auf aufstellbaren Windschutz im Freien achten.<\/li>\n<\/ul>\n<h2>Agnihotra-Durchf\u00fchrung<\/h2>\n<ul>\n<li>4 bis 5 Minuten vor der genauen Sonnenauf- bzw. Sonnenuntergangszeit werden ein oder zwei Kuhdungst\u00fccke an der Bienenwachskerze angez\u00fcndet und in den Kupfertopf gelegt. Weitere Kuhdungst\u00fccke werden so geschichtet, dass beim Verbrennen eine gute Luftzirkulation m\u00f6glich ist.<\/li>\n<li>Zur genauen <em>Agnihotra<\/em>-Zeit wird mit dem Singen des Morgen- oder Abendmantras begonnen und jeweils nach nach dem Singen von \u201esvaha\u201c werden einige der mit Ghee vermischten Vollkornreisk\u00f6rner direkt in die Flammen hineingegeben.<\/li>\n<\/ul>\n<p>Die Durchf\u00fchrung geschieht ohne Erwartungshaltung in dem Sinn von \u201e<strong><em>Na mama<\/em><\/strong>\u201c, d.h. \u201e<em><strong>Dein Wille geschehe<\/strong><\/em>\u201c.<\/p>\n<hr \/>\n<h1>UNSER Angebot:<\/h1>\n<p><img data-recalc-dims=\"1\" loading=\"lazy\" decoding=\"async\" data-attachment-id=\"3403\" data-permalink=\"https:\/\/www.amoworkgroups.com\/?attachment_id=3403\" data-orig-file=\"https:\/\/i0.wp.com\/www.amoworkgroups.com\/wp-content\/uploads\/2018\/04\/IMG_6763.jpg?fit=3264%2C2448&amp;ssl=1\" data-orig-size=\"3264,2448\" data-comments-opened=\"1\" data-image-meta=\"{&quot;aperture&quot;:&quot;2.2&quot;,&quot;credit&quot;:&quot;&quot;,&quot;camera&quot;:&quot;iPhone 5s&quot;,&quot;caption&quot;:&quot;&quot;,&quot;created_timestamp&quot;:&quot;1524063097&quot;,&quot;copyright&quot;:&quot;&quot;,&quot;focal_length&quot;:&quot;4.15&quot;,&quot;iso&quot;:&quot;50&quot;,&quot;shutter_speed&quot;:&quot;0.03030303030303&quot;,&quot;title&quot;:&quot;&quot;,&quot;orientation&quot;:&quot;1&quot;}\" data-image-title=\"IMG_6763\" data-image-description=\"\" data-image-caption=\"\" data-large-file=\"https:\/\/i0.wp.com\/www.amoworkgroups.com\/wp-content\/uploads\/2018\/04\/IMG_6763.jpg?fit=584%2C438&amp;ssl=1\" class=\"alignleft wp-image-3403 size-medium\" src=\"https:\/\/i0.wp.com\/www.amoworkgroups.com\/wp-content\/uploads\/2018\/04\/IMG_6763.jpg?resize=250%2C188\" alt=\"IMG_6763\" width=\"250\" height=\"188\" srcset=\"https:\/\/i0.wp.com\/www.amoworkgroups.com\/wp-content\/uploads\/2018\/04\/IMG_6763.jpg?resize=250%2C188&amp;ssl=1 250w, https:\/\/i0.wp.com\/www.amoworkgroups.com\/wp-content\/uploads\/2018\/04\/IMG_6763.jpg?resize=768%2C576&amp;ssl=1 768w, https:\/\/i0.wp.com\/www.amoworkgroups.com\/wp-content\/uploads\/2018\/04\/IMG_6763.jpg?resize=1024%2C768&amp;ssl=1 1024w, https:\/\/i0.wp.com\/www.amoworkgroups.com\/wp-content\/uploads\/2018\/04\/IMG_6763.jpg?resize=600%2C450&amp;ssl=1 600w, https:\/\/i0.wp.com\/www.amoworkgroups.com\/wp-content\/uploads\/2018\/04\/IMG_6763.jpg?resize=400%2C300&amp;ssl=1 400w, https:\/\/i0.wp.com\/www.amoworkgroups.com\/wp-content\/uploads\/2018\/04\/IMG_6763.jpg?w=1168 1168w, https:\/\/i0.wp.com\/www.amoworkgroups.com\/wp-content\/uploads\/2018\/04\/IMG_6763.jpg?w=1752 1752w\" sizes=\"auto, (max-width: 250px) 100vw, 250px\" \/><br \/>\nf\u00fcr Alle, die sich diesem Ritual noch nicht zugewendet haben, jedoch f\u00fcr sich selbst und f\u00fcr ihren Garten etwas gutes Tun wollen, bieten WIR die Agnihotra-Asche hier in PARAGUAY in verschiedenen Mengen-Einheiten an.<\/p>\n<p>&nbsp;<\/p>\n<hr \/>\n<p><strong>Untersuchungen &amp; Studien:<\/strong><\/p>\n<ul>\n<li>2017,\u00a0Agnihotra-Asche neutralisiert Radioaktivit\u00e4t in der Nahrung,\u00a0<a href=\"https:\/\/agnihotra-online.com\/images\/articles\/studien\/Radioaktivitaet-Agnihotra.pdf\" target=\"_blank\" rel=\"noopener noreferrer\">PDF 0,4 MB<\/a><\/li>\n<li>2015, Neue wissenschaftliche Studien zu Agnihotra, zusammengestellt von Johanna Jenisch, <a href=\"https:\/\/agnihotra-online.com\/images\/articles\/studien\/Agnihotra-Aktuell-2016-01_Studien.pdf\" target=\"_blank\" rel=\"noopener noreferrer\">PDF 0,2 MB<\/a>&#8211; Versuche zur Keimf\u00e4higkeit und Planzenwachstum<br \/>\n&#8211; Einluss auf genotoxische Stoffe<br \/>\n&#8211; Ver\u00e4nderung der Umgebungsluft<br \/>\n&#8211; Agnihotra und Wasser<br \/>\n&#8211; Auswirkung von Ver\u00e4nderungen am <em>Agnihotra<\/em><\/li>\n<li>Weitere Untersuchungen <a href=\"https:\/\/agnihotra-online.com\/index.php\/de\/veroeffentlichungen\/untersuchungen\" target=\"_blank\" rel=\"noopener\">HIER<\/a><\/li>\n<\/ul>\n<hr \/>\n<p>&#8230; gerne neue Wege, HerzensGr\u00fc\u00dfe,<\/p>\n<p>Martin<\/p>\n<\/div>\n<div class=\"shariff shariff-align-center shariff-widget-align-left\" data-services=\"facebook%7Cvk\" data-url=\"https:\/\/www.amoworkgroups.com\/?page_id=3375\" data-timestamp=\"1525466653\" data-hidezero=\"1\" data-backendurl=\"?rest_route=\/shariff\/v1\/share_counts&\"><div class=\"ShariffHeadline\">TEILEN MIT:<\/div><ul class=\"shariff-buttons theme-round orientation-horizontal buttonsize-medium\"><li class=\"shariff-button mailto shariff-nocustomcolor\" style=\"background-color:#a8a8a8;border-radius:25%\"><a href=\"mailto:?body=https%3A%2F%2Fwww.amoworkgroups.com%2F%3Fpage_id%3D3375&subject=AGNIHOTRA%20%E2%80%93%20das%20Feuer-Ritual\" title=\"Per E-Mail versenden\" aria-label=\"Per E-Mail versenden\" role=\"button\" rel=\"noopener nofollow\" class=\"shariff-link\" style=\";border-radius:25%; background-color:#999; color:#fff\"><span class=\"shariff-icon\" style=\"\"><svg width=\"32px\" height=\"20px\" xmlns=\"http:\/\/www.w3.org\/2000\/svg\" viewBox=\"0 0 32 32\"><path fill=\"#999\" d=\"M32 12.7v14.2q0 1.2-0.8 2t-2 0.9h-26.3q-1.2 0-2-0.9t-0.8-2v-14.2q0.8 0.9 1.8 1.6 6.5 4.4 8.9 6.1 1 0.8 1.6 1.2t1.7 0.9 2 0.4h0.1q0.9 0 2-0.4t1.7-0.9 1.6-1.2q3-2.2 8.9-6.1 1-0.7 1.8-1.6zM32 7.4q0 1.4-0.9 2.7t-2.2 2.2q-6.7 4.7-8.4 5.8-0.2 0.1-0.7 0.5t-1 0.7-0.9 0.6-1.1 0.5-0.9 0.2h-0.1q-0.4 0-0.9-0.2t-1.1-0.5-0.9-0.6-1-0.7-0.7-0.5q-1.6-1.1-4.7-3.2t-3.6-2.6q-1.1-0.7-2.1-2t-1-2.5q0-1.4 0.7-2.3t2.1-0.9h26.3q1.2 0 2 0.8t0.9 2z\"\/><\/svg><\/span><\/a><\/li><li class=\"shariff-button printer shariff-nocustomcolor\" style=\"background-color:#a8a8a8;border-radius:25%\"><a href=\"javascript:window.print()\" title=\"drucken\" aria-label=\"drucken\" role=\"button\" rel=\"noopener nofollow\" class=\"shariff-link\" style=\";border-radius:25%; background-color:#999; color:#fff\"><span class=\"shariff-icon\" style=\"\"><svg width=\"32px\" height=\"20px\" xmlns=\"http:\/\/www.w3.org\/2000\/svg\" viewBox=\"0 0 30 32\"><path fill=\"#999\" d=\"M6.8 27.4h16v-4.6h-16v4.6zM6.8 16h16v-6.8h-2.8q-0.7 0-1.2-0.5t-0.5-1.2v-2.8h-11.4v11.4zM27.4 17.2q0-0.5-0.3-0.8t-0.8-0.4-0.8 0.4-0.3 0.8 0.3 0.8 0.8 0.3 0.8-0.3 0.3-0.8zM29.7 17.2v7.4q0 0.2-0.2 0.4t-0.4 0.2h-4v2.8q0 0.7-0.5 1.2t-1.2 0.5h-17.2q-0.7 0-1.2-0.5t-0.5-1.2v-2.8h-4q-0.2 0-0.4-0.2t-0.2-0.4v-7.4q0-1.4 1-2.4t2.4-1h1.2v-9.7q0-0.7 0.5-1.2t1.2-0.5h12q0.7 0 1.6 0.4t1.3 0.8l2.7 2.7q0.5 0.5 0.9 1.4t0.4 1.6v4.6h1.1q1.4 0 2.4 1t1 2.4z\"\/><\/svg><\/span><\/a><\/li><li class=\"shariff-button whatsapp shariff-nocustomcolor\" style=\"background-color:#5cbe4a;border-radius:25%\"><a href=\"https:\/\/api.whatsapp.com\/send?text=https%3A%2F%2Fwww.amoworkgroups.com%2F%3Fpage_id%3D3375%20AGNIHOTRA%20%E2%80%93%20das%20Feuer-Ritual\" title=\"Bei Whatsapp teilen\" aria-label=\"Bei Whatsapp teilen\" role=\"button\" rel=\"noopener nofollow\" class=\"shariff-link\" style=\";border-radius:25%; background-color:#34af23; color:#fff\" target=\"_blank\"><span class=\"shariff-icon\" style=\"\"><svg width=\"32px\" height=\"20px\" xmlns=\"http:\/\/www.w3.org\/2000\/svg\" viewBox=\"0 0 32 32\"><path fill=\"#34af23\" d=\"M17.6 17.4q0.2 0 1.7 0.8t1.6 0.9q0 0.1 0 0.3 0 0.6-0.3 1.4-0.3 0.7-1.3 1.2t-1.8 0.5q-1 0-3.4-1.1-1.7-0.8-3-2.1t-2.6-3.3q-1.3-1.9-1.3-3.5v-0.1q0.1-1.6 1.3-2.8 0.4-0.4 0.9-0.4 0.1 0 0.3 0t0.3 0q0.3 0 0.5 0.1t0.3 0.5q0.1 0.4 0.6 1.6t0.4 1.3q0 0.4-0.6 1t-0.6 0.8q0 0.1 0.1 0.3 0.6 1.3 1.8 2.4 1 0.9 2.7 1.8 0.2 0.1 0.4 0.1 0.3 0 1-0.9t0.9-0.9zM14 26.9q2.3 0 4.3-0.9t3.6-2.4 2.4-3.6 0.9-4.3-0.9-4.3-2.4-3.6-3.6-2.4-4.3-0.9-4.3 0.9-3.6 2.4-2.4 3.6-0.9 4.3q0 3.6 2.1 6.6l-1.4 4.2 4.3-1.4q2.8 1.9 6.2 1.9zM14 2.2q2.7 0 5.2 1.1t4.3 2.9 2.9 4.3 1.1 5.2-1.1 5.2-2.9 4.3-4.3 2.9-5.2 1.1q-3.5 0-6.5-1.7l-7.4 2.4 2.4-7.2q-1.9-3.2-1.9-6.9 0-2.7 1.1-5.2t2.9-4.3 4.3-2.9 5.2-1.1z\"\/><\/svg><\/span><\/a><\/li><li class=\"shariff-button facebook shariff-nocustomcolor\" style=\"background-color:#4273c8;border-radius:25%\"><a href=\"https:\/\/www.facebook.com\/sharer\/sharer.php?u=https%3A%2F%2Fwww.amoworkgroups.com%2F%3Fpage_id%3D3375\" title=\"Bei Facebook teilen\" aria-label=\"Bei Facebook teilen\" role=\"button\" rel=\"nofollow\" class=\"shariff-link\" style=\";border-radius:25%; background-color:#3b5998; color:#fff\" target=\"_blank\"><span class=\"shariff-icon\" style=\"\"><svg width=\"32px\" height=\"20px\" xmlns=\"http:\/\/www.w3.org\/2000\/svg\" viewBox=\"0 0 18 32\"><path fill=\"#3b5998\" d=\"M17.1 0.2v4.7h-2.8q-1.5 0-2.1 0.6t-0.5 1.9v3.4h5.2l-0.7 5.3h-4.5v13.6h-5.5v-13.6h-4.5v-5.3h4.5v-3.9q0-3.3 1.9-5.2t5-1.8q2.6 0 4.1 0.2z\"\/><\/svg><\/span><span data-service=\"facebook\" style=\"color:#3b5998\" class=\"shariff-count shariff-hidezero\"><\/span>&nbsp;<\/a><\/li><li class=\"shariff-button twitter shariff-nocustomcolor\" style=\"background-color:#595959;border-radius:25%\"><a href=\"https:\/\/twitter.com\/share?url=https%3A%2F%2Fwww.amoworkgroups.com%2F%3Fpage_id%3D3375&text=AGNIHOTRA%20%E2%80%93%20das%20Feuer-Ritual&via=httpstwittercomamoworkgroups\" title=\"Bei X teilen\" aria-label=\"Bei X teilen\" role=\"button\" rel=\"noopener nofollow\" class=\"shariff-link\" style=\";border-radius:25%; background-color:#000; color:#fff\" target=\"_blank\"><span class=\"shariff-icon\" style=\"\"><svg width=\"32px\" height=\"20px\" xmlns=\"http:\/\/www.w3.org\/2000\/svg\" viewBox=\"0 0 24 24\"><path fill=\"#000\" d=\"M14.258 10.152L23.176 0h-2.113l-7.747 8.813L7.133 0H0l9.352 13.328L0 23.973h2.113l8.176-9.309 6.531 9.309h7.133zm-2.895 3.293l-.949-1.328L2.875 1.56h3.246l6.086 8.523.945 1.328 7.91 11.078h-3.246zm0 0\"\/><\/svg><\/span><\/a><\/li><li class=\"shariff-button linkedin shariff-nocustomcolor\" style=\"background-color:#1488bf;border-radius:25%\"><a href=\"https:\/\/www.linkedin.com\/sharing\/share-offsite\/?url=https%3A%2F%2Fwww.amoworkgroups.com%2F%3Fpage_id%3D3375\" title=\"Bei LinkedIn teilen\" aria-label=\"Bei LinkedIn teilen\" role=\"button\" rel=\"noopener nofollow\" class=\"shariff-link\" style=\";border-radius:25%; background-color:#0077b5; color:#fff\" target=\"_blank\"><span class=\"shariff-icon\" style=\"\"><svg width=\"32px\" height=\"20px\" xmlns=\"http:\/\/www.w3.org\/2000\/svg\" viewBox=\"0 0 27 32\"><path fill=\"#0077b5\" d=\"M6.2 11.2v17.7h-5.9v-17.7h5.9zM6.6 5.7q0 1.3-0.9 2.2t-2.4 0.9h0q-1.5 0-2.4-0.9t-0.9-2.2 0.9-2.2 2.4-0.9 2.4 0.9 0.9 2.2zM27.4 18.7v10.1h-5.9v-9.5q0-1.9-0.7-2.9t-2.3-1.1q-1.1 0-1.9 0.6t-1.2 1.5q-0.2 0.5-0.2 1.4v9.9h-5.9q0-7.1 0-11.6t0-5.3l0-0.9h5.9v2.6h0q0.4-0.6 0.7-1t1-0.9 1.6-0.8 2-0.3q3 0 4.9 2t1.9 6z\"\/><\/svg><\/span><\/a><\/li><li class=\"shariff-button vk shariff-nocustomcolor\" style=\"background-color:#4273c8;border-radius:25%\"><a href=\"https:\/\/vk.com\/share.php?url=https%3A%2F%2Fwww.amoworkgroups.com%2F%3Fpage_id%3D3375\" title=\"Bei VK teilen\" aria-label=\"Bei VK teilen\" role=\"button\" rel=\"noopener nofollow\" class=\"shariff-link\" style=\";border-radius:25%; background-color:#527498; color:#fff\" target=\"_blank\"><span class=\"shariff-icon\" style=\"\"><svg width=\"32px\" height=\"20px\" xmlns=\"http:\/\/www.w3.org\/2000\/svg\" viewBox=\"0 0 34 32\"><path fill=\"#527498\" d=\"M34.2 9.3q0.4 1.1-2.7 5.3-0.4 0.6-1.2 1.5-1.4 1.8-1.6 2.3-0.3 0.7 0.3 1.4 0.3 0.4 1.4 1.5h0l0.1 0.1q2.5 2.3 3.4 3.9 0.1 0.1 0.1 0.2t0.1 0.5 0 0.6-0.4 0.5-1.1 0.2l-4.6 0.1q-0.4 0.1-1-0.1t-0.9-0.4l-0.4-0.2q-0.5-0.4-1.2-1.1t-1.2-1.4-1.1-1-1-0.3q-0.1 0-0.1 0.1t-0.3 0.3-0.4 0.5-0.3 0.9-0.1 1.4q0 0.3-0.1 0.5t-0.1 0.3l-0.1 0.1q-0.3 0.3-0.9 0.4h-2.1q-1.3 0.1-2.6-0.3t-2.3-0.9-1.8-1.2-1.3-1l-0.4-0.4q-0.2-0.2-0.5-0.5t-1.3-1.6-1.9-2.7-2.2-3.8-2.3-4.9q-0.1-0.3-0.1-0.5t0.1-0.3l0.1-0.1q0.3-0.3 1-0.3l4.9 0q0.2 0 0.4 0.1t0.3 0.2l0.1 0.1q0.3 0.2 0.4 0.6 0.4 0.9 0.8 1.8t0.7 1.5l0.3 0.5q0.5 1.1 1 1.9t0.9 1.2 0.7 0.7 0.6 0.3 0.5-0.1q0 0 0.1-0.1t0.2-0.4 0.2-0.8 0.2-1.4 0-2.2q0-0.7-0.2-1.3t-0.2-0.8l-0.1-0.2q-0.4-0.6-1.5-0.8-0.2 0 0.1-0.4 0.3-0.3 0.7-0.5 0.9-0.5 4.3-0.4 1.5 0 2.4 0.2 0.4 0.1 0.6 0.2t0.4 0.4 0.2 0.6 0.1 0.8 0 1 0 1.3 0 1.5q0 0.2 0 0.8t0 0.9 0.1 0.7 0.2 0.7 0.4 0.4q0.1 0 0.3 0.1t0.5-0.2 0.7-0.6 0.9-1.2 1.2-1.9q1.1-1.9 1.9-4 0.1-0.2 0.2-0.3t0.2-0.2l0.1-0.1 0.1 0t0.2-0.1 0.4 0l5.1 0q0.7-0.1 1.1 0t0.6 0.3z\"\/><\/svg><\/span><span data-service=\"vk\" style=\"color:#527498\" class=\"shariff-count shariff-hidezero\"><\/span>&nbsp;<\/a><\/li><\/ul><\/div>","protected":false},"excerpt":{"rendered":"<p>Quelle aller Informationen: Homa-Hof Heiligenberg Europ\u00e4isches Zentrum zur F\u00f6rderung von Agnihotra AGNIHOTRA &#8211; das Feuer-Ritual ist ein Vorgang zur Reinigung der Atmosph\u00e4re mit Hilfe von Feuer. Agnihotra ist die grundlegende Feuertechnik, die auf dem Biorhythmus von Sonnenauf- und Sonnenuntergang beruht &hellip; <a href=\"https:\/\/www.amoworkgroups.com\/?page_id=3375\">Weiterlesen <span class=\"meta-nav\">&rarr;<\/span><\/a><\/p>\n","protected":false},"author":1,"featured_media":3381,"parent":0,"menu_order":0,"comment_status":"closed","ping_status":"closed","template":"sidebar-page.php","meta":{"jetpack_post_was_ever_published":false,"footnotes":""},"class_list":["post-3375","page","type-page","status-publish","has-post-thumbnail","hentry"],"jetpack_sharing_enabled":true,"jetpack_shortlink":"https:\/\/wp.me\/P4OMVl-Sr","jetpack_likes_enabled":true,"jetpack-related-posts":[],"amp_enabled":false,"_links":{"self":[{"href":"https:\/\/www.amoworkgroups.com\/index.php?rest_route=\/wp\/v2\/pages\/3375","targetHints":{"allow":["GET"]}}],"collection":[{"href":"https:\/\/www.amoworkgroups.com\/index.php?rest_route=\/wp\/v2\/pages"}],"about":[{"href":"https:\/\/www.amoworkgroups.com\/index.php?rest_route=\/wp\/v2\/types\/page"}],"author":[{"embeddable":true,"href":"https:\/\/www.amoworkgroups.com\/index.php?rest_route=\/wp\/v2\/users\/1"}],"replies":[{"embeddable":true,"href":"https:\/\/www.amoworkgroups.com\/index.php?rest_route=%2Fwp%2Fv2%2Fcomments&post=3375"}],"version-history":[{"count":22,"href":"https:\/\/www.amoworkgroups.com\/index.php?rest_route=\/wp\/v2\/pages\/3375\/revisions"}],"predecessor-version":[{"id":3513,"href":"https:\/\/www.amoworkgroups.com\/index.php?rest_route=\/wp\/v2\/pages\/3375\/revisions\/3513"}],"wp:featuredmedia":[{"embeddable":true,"href":"https:\/\/www.amoworkgroups.com\/index.php?rest_route=\/wp\/v2\/media\/3381"}],"wp:attachment":[{"href":"https:\/\/www.amoworkgroups.com\/index.php?rest_route=%2Fwp%2Fv2%2Fmedia&parent=3375"}],"curies":[{"name":"wp","href":"https:\/\/api.w.org\/{rel}","templated":true}]}}