{"id":2765,"date":"2016-01-13T22:44:01","date_gmt":"2016-01-13T20:44:01","guid":{"rendered":"http:\/\/www.amoworkgroups.com\/?page_id=2765"},"modified":"2018-05-06T22:52:02","modified_gmt":"2018-05-07T02:52:02","slug":"einzelstunden","status":"publish","type":"page","link":"https:\/\/www.amoworkgroups.com\/?page_id=2765","title":{"rendered":"Einzelstunden"},"content":{"rendered":"<p>In den Einzelstunden begleite ich auf der Basis des WILDEN Denkens, der Verbindung von Herz und Verstand, mit ausgepr\u00e4gtem Sp\u00fcrsinn und Einf\u00fchlungsverm\u00f6gen diejenigen, die sich ihren \u00c4ngsten und &#8222;noch Hinternissen&#8220; stellen und damit ihre Chancen ergreifen\u00a0m\u00f6chten und eine begleitende Hilfe w\u00fcnschen.<\/p>\n<p>Interessiert? Dann nutze das kostenlose Erstgespr\u00e4ch, wenn du Dich f\u00fcr eine individuelle Zusammenarbeit interessierst und nimm jetzt Kontakt mit mir auf. In einem ersten Gespr\u00e4ch schauen wir, ob die Chemie stimmt und kl\u00e4ren alle offenen Fragen: <a href=\"mailto:info@amoworkgroups.com\">info@amoworkgroups.com<\/a> oder WhatsApp +49 176 34 18 35 76 (Dauer ca. 20min)<\/p>\n","protected":false},"excerpt":{"rendered":"<p>In den Einzelstunden begleite ich auf der Basis des WILDEN Denkens, der Verbindung von Herz und Verstand, mit ausgepr\u00e4gtem Sp\u00fcrsinn und Einf\u00fchlungsverm\u00f6gen diejenigen, die sich ihren \u00c4ngsten und &#8222;noch Hinternissen&#8220; stellen und damit ihre Chancen ergreifen\u00a0m\u00f6chten und eine begleitende Hilfe &hellip; <a href=\"https:\/\/www.amoworkgroups.com\/?page_id=2765\">Weiterlesen <span class=\"meta-nav\">&rarr;<\/span><\/a><\/p>\n","protected":false},"author":1,"featured_media":0,"parent":2760,"menu_order":3,"comment_status":"closed","ping_status":"closed","template":"sidebar-page.php","meta":{"jetpack_post_was_ever_published":false,"footnotes":""},"class_list":["post-2765","page","type-page","status-publish","hentry"],"jetpack_sharing_enabled":false,"jetpack_shortlink":"https:\/\/wp.me\/P4OMVl-IB","jetpack_likes_enabled":false,"jetpack-related-posts":[],"amp_enabled":false,"_links":{"self":[{"href":"https:\/\/www.amoworkgroups.com\/index.php?rest_route=\/wp\/v2\/pages\/2765","targetHints":{"allow":["GET"]}}],"collection":[{"href":"https:\/\/www.amoworkgroups.com\/index.php?rest_route=\/wp\/v2\/pages"}],"about":[{"href":"https:\/\/www.amoworkgroups.com\/index.php?rest_route=\/wp\/v2\/types\/page"}],"author":[{"embeddable":true,"href":"https:\/\/www.amoworkgroups.com\/index.php?rest_route=\/wp\/v2\/users\/1"}],"replies":[{"embeddable":true,"href":"https:\/\/www.amoworkgroups.com\/index.php?rest_route=%2Fwp%2Fv2%2Fcomments&post=2765"}],"version-history":[{"count":10,"href":"https:\/\/www.amoworkgroups.com\/index.php?rest_route=\/wp\/v2\/pages\/2765\/revisions"}],"predecessor-version":[{"id":2939,"href":"https:\/\/www.amoworkgroups.com\/index.php?rest_route=\/wp\/v2\/pages\/2765\/revisions\/2939"}],"up":[{"embeddable":true,"href":"https:\/\/www.amoworkgroups.com\/index.php?rest_route=\/wp\/v2\/pages\/2760"}],"wp:attachment":[{"href":"https:\/\/www.amoworkgroups.com\/index.php?rest_route=%2Fwp%2Fv2%2Fmedia&parent=2765"}],"curies":[{"name":"wp","href":"https:\/\/api.w.org\/{rel}","templated":true}]}}