{"id":2635,"date":"2016-01-11T16:51:19","date_gmt":"2016-01-11T15:51:19","guid":{"rendered":"http:\/\/www.amoworkgroups.com\/?page_id=2635"},"modified":"2018-05-01T22:37:31","modified_gmt":"2018-05-02T02:37:31","slug":"angebot-zur-persoenlichen-bewusstseinserweiterung","status":"publish","type":"page","link":"https:\/\/www.amoworkgroups.com\/?page_id=2635","title":{"rendered":"Angebot &#8211; zur pers\u00f6nlichen Bewusstseinserweiterung"},"content":{"rendered":"<p><img data-recalc-dims=\"1\" loading=\"lazy\" decoding=\"async\" data-attachment-id=\"2674\" data-permalink=\"https:\/\/www.amoworkgroups.com\/?attachment_id=2674\" data-orig-file=\"https:\/\/i0.wp.com\/www.amoworkgroups.com\/wp-content\/uploads\/2016\/01\/LOVE-Road-Map-6.jpg?fit=1036%2C1262&amp;ssl=1\" data-orig-size=\"1036,1262\" data-comments-opened=\"1\" data-image-meta=\"{&quot;aperture&quot;:&quot;0&quot;,&quot;credit&quot;:&quot;&quot;,&quot;camera&quot;:&quot;&quot;,&quot;caption&quot;:&quot;&quot;,&quot;created_timestamp&quot;:&quot;0&quot;,&quot;copyright&quot;:&quot;&quot;,&quot;focal_length&quot;:&quot;0&quot;,&quot;iso&quot;:&quot;0&quot;,&quot;shutter_speed&quot;:&quot;0&quot;,&quot;title&quot;:&quot;&quot;,&quot;orientation&quot;:&quot;1&quot;}\" data-image-title=\"LOVE-Road Map 6\" data-image-description=\"\" data-image-caption=\"\" data-large-file=\"https:\/\/i0.wp.com\/www.amoworkgroups.com\/wp-content\/uploads\/2016\/01\/LOVE-Road-Map-6.jpg?fit=584%2C711&amp;ssl=1\" class=\"wp-image-2674 size-medium alignright\" title=\"Bewusstseinserweiterung\" src=\"https:\/\/i0.wp.com\/www.amoworkgroups.com\/wp-content\/uploads\/2016\/01\/LOVE-Road-Map-6.jpg?resize=154%2C188\" alt=\"\" width=\"154\" height=\"188\" srcset=\"https:\/\/i0.wp.com\/www.amoworkgroups.com\/wp-content\/uploads\/2016\/01\/LOVE-Road-Map-6.jpg?resize=154%2C188&amp;ssl=1 154w, https:\/\/i0.wp.com\/www.amoworkgroups.com\/wp-content\/uploads\/2016\/01\/LOVE-Road-Map-6.jpg?resize=768%2C936&amp;ssl=1 768w, https:\/\/i0.wp.com\/www.amoworkgroups.com\/wp-content\/uploads\/2016\/01\/LOVE-Road-Map-6.jpg?resize=841%2C1024&amp;ssl=1 841w, https:\/\/i0.wp.com\/www.amoworkgroups.com\/wp-content\/uploads\/2016\/01\/LOVE-Road-Map-6.jpg?resize=600%2C731&amp;ssl=1 600w, https:\/\/i0.wp.com\/www.amoworkgroups.com\/wp-content\/uploads\/2016\/01\/LOVE-Road-Map-6.jpg?w=1036&amp;ssl=1 1036w\" sizes=\"auto, (max-width: 154px) 100vw, 154px\" \/>Durch eine Kombination von logischem Verstehen der Gesetzm\u00e4\u00dfigkeiten unseres Lebens, dem Kennenlernen\u00a0und\u00a0dem Sp\u00fcren der inneren Anbindung, der eigenen\u00a0Kraft und St\u00e4rke, wird Schritt f\u00fcr Schritt eine pers\u00f6nliche Bewusstseinserweiterung von dem bisher trennenden Mangel-Bewusstsein hin zu verbindendem F\u00fclle-Bewusstsein geschaffen. Wenn wir uns umschauen tun wir uns mehr als schwer, wenn wir nach irgendeiner<br \/>\nmenschlichen Errungenschaft suchen die den zwei wichtigsten Aspekten gerecht werden, den Aspekten:<\/p>\n<blockquote><p>stets zum Wohle ALLER und ALLEM (!)<\/p><\/blockquote>\n<p>damit ist gemeint, weder zu Lasten irgend eines Menschen, noch zu Lasten der Natur. Nur was entdecken wir, wenn wir auf unsere bisherigen Errungenschaften zur\u00fcck schauen? Unser ganzer Wohlstand, auf was begr\u00fcndet sich dieser? Werden dadurch Menschen oder unsere Natur unterst\u00fctzt? oder ist es nicht (fast) immer zu Lasten unserer Natur (Mutter Erde) und auf Kosten Anderer? Es kann unm\u00f6glich sein,\u00a0dass dies alles ist was wir als sch\u00f6pferische Wesen zu Stande bekommen. Jedoch sind wir bis zum heutigen Tage sehr stark in unserem Mangel-Bewusstsein verhaftet. Der Mensch hat dieses Bewusstsein derart kultiviert und auf die Spitze getrieben dass wir nun alle hoffen k\u00f6nnen diese bald erreicht und ausgekostet zu haben, um endlich den n\u00e4chsten Entwicklungsschritt, weg von trennendem Mangel-Bewusstsein hin zu verbindenden F\u00fclle-Bewusstsein gehen zu k\u00f6nnen.<\/p>\n<p><img data-recalc-dims=\"1\" loading=\"lazy\" decoding=\"async\" data-attachment-id=\"2677\" data-permalink=\"https:\/\/www.amoworkgroups.com\/?attachment_id=2677\" data-orig-file=\"https:\/\/i0.wp.com\/www.amoworkgroups.com\/wp-content\/uploads\/2016\/01\/LOVE-Road-Map-1_1.jpg?fit=1033%2C241&amp;ssl=1\" data-orig-size=\"1033,241\" data-comments-opened=\"1\" data-image-meta=\"{&quot;aperture&quot;:&quot;0&quot;,&quot;credit&quot;:&quot;&quot;,&quot;camera&quot;:&quot;&quot;,&quot;caption&quot;:&quot;&quot;,&quot;created_timestamp&quot;:&quot;0&quot;,&quot;copyright&quot;:&quot;&quot;,&quot;focal_length&quot;:&quot;0&quot;,&quot;iso&quot;:&quot;0&quot;,&quot;shutter_speed&quot;:&quot;0&quot;,&quot;title&quot;:&quot;&quot;,&quot;orientation&quot;:&quot;1&quot;}\" data-image-title=\"LOVE-Road Map 1_1\" data-image-description=\"\" data-image-caption=\"\" data-large-file=\"https:\/\/i0.wp.com\/www.amoworkgroups.com\/wp-content\/uploads\/2016\/01\/LOVE-Road-Map-1_1.jpg?fit=584%2C136&amp;ssl=1\" class=\"wp-image-2677  aligncenter\" title=\"Bewusstseinserweiterung\" src=\"https:\/\/i0.wp.com\/www.amoworkgroups.com\/wp-content\/uploads\/2016\/01\/LOVE-Road-Map-1_1.jpg?resize=400%2C107\" alt=\"\" width=\"400\" height=\"107\" \/>Wir haben uns identifiziert mit unserem K\u00f6rper, mit dem \u201eMEINS\u201c und dem \u201eDEINS\u201c, alles wurde in Trennung erlernt und gelebt. Das Neue Bewusstsein ist das des Verbindenden, ein Bewusstsein dar\u00fcber, dass das erarbeitete Wissen in unserem Leben die kleinste Gr\u00f6\u00dfe am und im Leben ausmacht &#8211; unser Verstand darf nun umdenken und darf erkennen, dass es da ein freies Leben gibt, unendliche F\u00fclle die uns zum Leben bereit steht, alles ausserhalb unserer bisheriger Bewusstseinsgrenzen.<\/p>\n<p>\u00dcber das Erkennen der Funktion und der Zusammenh\u00e4nge unseres bisherigen Daseins mit dem perfektionierten Mangel-Bewusstsein ist der Mensch zwar leistungsf\u00e4hig aber nicht frei. Diese immense Einschr\u00e4nkung und Missachtung unserer jedem innewohnenden Freiheit ist zunehmend Ursache Nummer eins f\u00fcr k\u00f6rperliche Erkrankungen. Es ist nicht die lokale Erkrankung eines K\u00f6rperteiles den man am besten herausschneidet, gegen den vorgegangen werden muss, NEIN, es gilt zu erkennen dass alles einen Sinn in unserem Leben hat und somit wir immer die Ursache selbst sind. Um dies alles \u201everstehen\u201c zu k\u00f6nnen ben\u00f6tigen wir unbedingt ein Verbindendes-Bewusstsein. K\u00f6rper, Geist und Seele, eine Einheit, die Einheit die sie schon immer war. Aber auch die Einheit mit der kein ehrlicher, aufrechter, wissender Umgang gepflegt wurde.<\/p>\n<p><img data-recalc-dims=\"1\" loading=\"lazy\" decoding=\"async\" data-attachment-id=\"2678\" data-permalink=\"https:\/\/www.amoworkgroups.com\/?attachment_id=2678\" data-orig-file=\"https:\/\/i0.wp.com\/www.amoworkgroups.com\/wp-content\/uploads\/2016\/01\/LOVE-Road-Map-1_2.jpg?fit=1033%2C241&amp;ssl=1\" data-orig-size=\"1033,241\" data-comments-opened=\"1\" data-image-meta=\"{&quot;aperture&quot;:&quot;0&quot;,&quot;credit&quot;:&quot;&quot;,&quot;camera&quot;:&quot;&quot;,&quot;caption&quot;:&quot;&quot;,&quot;created_timestamp&quot;:&quot;0&quot;,&quot;copyright&quot;:&quot;&quot;,&quot;focal_length&quot;:&quot;0&quot;,&quot;iso&quot;:&quot;0&quot;,&quot;shutter_speed&quot;:&quot;0&quot;,&quot;title&quot;:&quot;&quot;,&quot;orientation&quot;:&quot;1&quot;}\" data-image-title=\"LOVE-Road Map 1_2\" data-image-description=\"\" data-image-caption=\"\" data-large-file=\"https:\/\/i0.wp.com\/www.amoworkgroups.com\/wp-content\/uploads\/2016\/01\/LOVE-Road-Map-1_2.jpg?fit=584%2C136&amp;ssl=1\" class=\"wp-image-2678  aligncenter\" title=\"Bewusstseinserweiterung\" src=\"https:\/\/i0.wp.com\/www.amoworkgroups.com\/wp-content\/uploads\/2016\/01\/LOVE-Road-Map-1_2.jpg?resize=400%2C107\" alt=\"\" width=\"400\" height=\"107\" \/>Alle Hinweise darauf wurden in den letzten Jahrzehnten geschickt \u201etotgeredet\u201c &#8211; die \u201eWissenschaft\u201c hat sich alles zurecht gelegt um auf der Basis des Profits dem eigenen EGO gen\u00fcge zu tun. Unsere urspr\u00fcngliche Gesellschaft, unser sozial Staat \u201ef\u00fcreinander da zu sein und sorge zu tragen\u201c wurde derart unterwandert, dass diese nur noch einer Interessengemeinschaft gleicht. Das Wohl des einfachen Einzelnen steht weit hinter dem Wohl des sogenannten \u201eGanzen\u201c.<\/p>\n<p>In den AmoWorkGroups wollen wir uns unser urspr\u00fcnglichen Kraft und St\u00e4rke wieder \u00a0bewusst werden, die Gesetzm\u00e4\u00dfigkeiten des Lebens kennen lernen, verstehen, umsetzen und anwenden lernen. Gemeinsam auf den Weg\u00a0zu unserem ureigenem sch\u00f6pferischen Leben &#8230; mehr <a href=\"http:\/\/www.amoworkgroups.com\/?page_id=2760\">HIER<\/a>.<\/p>\n<div class=\"shariff shariff-align-center shariff-widget-align-left\" data-services=\"facebook%7Cvk\" data-url=\"https:\/\/www.amoworkgroups.com\/?page_id=2635\" data-timestamp=\"1525214251\" data-hidezero=\"1\" data-backendurl=\"?rest_route=\/shariff\/v1\/share_counts&\"><div class=\"ShariffHeadline\">TEILEN MIT:<\/div><ul class=\"shariff-buttons theme-round orientation-horizontal buttonsize-medium\"><li class=\"shariff-button mailto shariff-nocustomcolor\" style=\"background-color:#a8a8a8;border-radius:25%\"><a href=\"mailto:?body=https%3A%2F%2Fwww.amoworkgroups.com%2F%3Fpage_id%3D2635&subject=Angebot%20%E2%80%93%20zur%20pers%C3%B6nlichen%20Bewusstseinserweiterung\" title=\"Per E-Mail versenden\" aria-label=\"Per E-Mail versenden\" role=\"button\" rel=\"noopener nofollow\" class=\"shariff-link\" style=\";border-radius:25%; background-color:#999; color:#fff\"><span class=\"shariff-icon\" style=\"\"><svg width=\"32px\" height=\"20px\" xmlns=\"http:\/\/www.w3.org\/2000\/svg\" viewBox=\"0 0 32 32\"><path fill=\"#999\" d=\"M32 12.7v14.2q0 1.2-0.8 2t-2 0.9h-26.3q-1.2 0-2-0.9t-0.8-2v-14.2q0.8 0.9 1.8 1.6 6.5 4.4 8.9 6.1 1 0.8 1.6 1.2t1.7 0.9 2 0.4h0.1q0.9 0 2-0.4t1.7-0.9 1.6-1.2q3-2.2 8.9-6.1 1-0.7 1.8-1.6zM32 7.4q0 1.4-0.9 2.7t-2.2 2.2q-6.7 4.7-8.4 5.8-0.2 0.1-0.7 0.5t-1 0.7-0.9 0.6-1.1 0.5-0.9 0.2h-0.1q-0.4 0-0.9-0.2t-1.1-0.5-0.9-0.6-1-0.7-0.7-0.5q-1.6-1.1-4.7-3.2t-3.6-2.6q-1.1-0.7-2.1-2t-1-2.5q0-1.4 0.7-2.3t2.1-0.9h26.3q1.2 0 2 0.8t0.9 2z\"\/><\/svg><\/span><\/a><\/li><li class=\"shariff-button printer shariff-nocustomcolor\" style=\"background-color:#a8a8a8;border-radius:25%\"><a href=\"javascript:window.print()\" title=\"drucken\" aria-label=\"drucken\" role=\"button\" rel=\"noopener nofollow\" class=\"shariff-link\" style=\";border-radius:25%; background-color:#999; color:#fff\"><span class=\"shariff-icon\" style=\"\"><svg width=\"32px\" height=\"20px\" xmlns=\"http:\/\/www.w3.org\/2000\/svg\" viewBox=\"0 0 30 32\"><path fill=\"#999\" d=\"M6.8 27.4h16v-4.6h-16v4.6zM6.8 16h16v-6.8h-2.8q-0.7 0-1.2-0.5t-0.5-1.2v-2.8h-11.4v11.4zM27.4 17.2q0-0.5-0.3-0.8t-0.8-0.4-0.8 0.4-0.3 0.8 0.3 0.8 0.8 0.3 0.8-0.3 0.3-0.8zM29.7 17.2v7.4q0 0.2-0.2 0.4t-0.4 0.2h-4v2.8q0 0.7-0.5 1.2t-1.2 0.5h-17.2q-0.7 0-1.2-0.5t-0.5-1.2v-2.8h-4q-0.2 0-0.4-0.2t-0.2-0.4v-7.4q0-1.4 1-2.4t2.4-1h1.2v-9.7q0-0.7 0.5-1.2t1.2-0.5h12q0.7 0 1.6 0.4t1.3 0.8l2.7 2.7q0.5 0.5 0.9 1.4t0.4 1.6v4.6h1.1q1.4 0 2.4 1t1 2.4z\"\/><\/svg><\/span><\/a><\/li><li class=\"shariff-button whatsapp shariff-nocustomcolor\" style=\"background-color:#5cbe4a;border-radius:25%\"><a href=\"https:\/\/api.whatsapp.com\/send?text=https%3A%2F%2Fwww.amoworkgroups.com%2F%3Fpage_id%3D2635%20Angebot%20%E2%80%93%20zur%20pers%C3%B6nlichen%20Bewusstseinserweiterung\" title=\"Bei Whatsapp teilen\" aria-label=\"Bei Whatsapp teilen\" role=\"button\" rel=\"noopener nofollow\" class=\"shariff-link\" style=\";border-radius:25%; background-color:#34af23; color:#fff\" target=\"_blank\"><span class=\"shariff-icon\" style=\"\"><svg width=\"32px\" height=\"20px\" xmlns=\"http:\/\/www.w3.org\/2000\/svg\" viewBox=\"0 0 32 32\"><path fill=\"#34af23\" d=\"M17.6 17.4q0.2 0 1.7 0.8t1.6 0.9q0 0.1 0 0.3 0 0.6-0.3 1.4-0.3 0.7-1.3 1.2t-1.8 0.5q-1 0-3.4-1.1-1.7-0.8-3-2.1t-2.6-3.3q-1.3-1.9-1.3-3.5v-0.1q0.1-1.6 1.3-2.8 0.4-0.4 0.9-0.4 0.1 0 0.3 0t0.3 0q0.3 0 0.5 0.1t0.3 0.5q0.1 0.4 0.6 1.6t0.4 1.3q0 0.4-0.6 1t-0.6 0.8q0 0.1 0.1 0.3 0.6 1.3 1.8 2.4 1 0.9 2.7 1.8 0.2 0.1 0.4 0.1 0.3 0 1-0.9t0.9-0.9zM14 26.9q2.3 0 4.3-0.9t3.6-2.4 2.4-3.6 0.9-4.3-0.9-4.3-2.4-3.6-3.6-2.4-4.3-0.9-4.3 0.9-3.6 2.4-2.4 3.6-0.9 4.3q0 3.6 2.1 6.6l-1.4 4.2 4.3-1.4q2.8 1.9 6.2 1.9zM14 2.2q2.7 0 5.2 1.1t4.3 2.9 2.9 4.3 1.1 5.2-1.1 5.2-2.9 4.3-4.3 2.9-5.2 1.1q-3.5 0-6.5-1.7l-7.4 2.4 2.4-7.2q-1.9-3.2-1.9-6.9 0-2.7 1.1-5.2t2.9-4.3 4.3-2.9 5.2-1.1z\"\/><\/svg><\/span><\/a><\/li><li class=\"shariff-button facebook shariff-nocustomcolor\" style=\"background-color:#4273c8;border-radius:25%\"><a href=\"https:\/\/www.facebook.com\/sharer\/sharer.php?u=https%3A%2F%2Fwww.amoworkgroups.com%2F%3Fpage_id%3D2635\" title=\"Bei Facebook teilen\" aria-label=\"Bei Facebook teilen\" role=\"button\" rel=\"nofollow\" class=\"shariff-link\" style=\";border-radius:25%; background-color:#3b5998; color:#fff\" target=\"_blank\"><span class=\"shariff-icon\" style=\"\"><svg width=\"32px\" height=\"20px\" xmlns=\"http:\/\/www.w3.org\/2000\/svg\" viewBox=\"0 0 18 32\"><path fill=\"#3b5998\" d=\"M17.1 0.2v4.7h-2.8q-1.5 0-2.1 0.6t-0.5 1.9v3.4h5.2l-0.7 5.3h-4.5v13.6h-5.5v-13.6h-4.5v-5.3h4.5v-3.9q0-3.3 1.9-5.2t5-1.8q2.6 0 4.1 0.2z\"\/><\/svg><\/span><span data-service=\"facebook\" style=\"color:#3b5998\" class=\"shariff-count shariff-hidezero\"><\/span>&nbsp;<\/a><\/li><li class=\"shariff-button twitter shariff-nocustomcolor\" style=\"background-color:#595959;border-radius:25%\"><a href=\"https:\/\/twitter.com\/share?url=https%3A%2F%2Fwww.amoworkgroups.com%2F%3Fpage_id%3D2635&text=Angebot%20%E2%80%93%20zur%20pers%C3%B6nlichen%20Bewusstseinserweiterung&via=httpstwittercomamoworkgroups\" title=\"Bei X teilen\" aria-label=\"Bei X teilen\" role=\"button\" rel=\"noopener nofollow\" class=\"shariff-link\" style=\";border-radius:25%; background-color:#000; color:#fff\" target=\"_blank\"><span class=\"shariff-icon\" style=\"\"><svg width=\"32px\" height=\"20px\" xmlns=\"http:\/\/www.w3.org\/2000\/svg\" viewBox=\"0 0 24 24\"><path fill=\"#000\" d=\"M14.258 10.152L23.176 0h-2.113l-7.747 8.813L7.133 0H0l9.352 13.328L0 23.973h2.113l8.176-9.309 6.531 9.309h7.133zm-2.895 3.293l-.949-1.328L2.875 1.56h3.246l6.086 8.523.945 1.328 7.91 11.078h-3.246zm0 0\"\/><\/svg><\/span><\/a><\/li><li class=\"shariff-button linkedin shariff-nocustomcolor\" style=\"background-color:#1488bf;border-radius:25%\"><a href=\"https:\/\/www.linkedin.com\/sharing\/share-offsite\/?url=https%3A%2F%2Fwww.amoworkgroups.com%2F%3Fpage_id%3D2635\" title=\"Bei LinkedIn teilen\" aria-label=\"Bei LinkedIn teilen\" role=\"button\" rel=\"noopener nofollow\" class=\"shariff-link\" style=\";border-radius:25%; background-color:#0077b5; color:#fff\" target=\"_blank\"><span class=\"shariff-icon\" style=\"\"><svg width=\"32px\" height=\"20px\" xmlns=\"http:\/\/www.w3.org\/2000\/svg\" viewBox=\"0 0 27 32\"><path fill=\"#0077b5\" d=\"M6.2 11.2v17.7h-5.9v-17.7h5.9zM6.6 5.7q0 1.3-0.9 2.2t-2.4 0.9h0q-1.5 0-2.4-0.9t-0.9-2.2 0.9-2.2 2.4-0.9 2.4 0.9 0.9 2.2zM27.4 18.7v10.1h-5.9v-9.5q0-1.9-0.7-2.9t-2.3-1.1q-1.1 0-1.9 0.6t-1.2 1.5q-0.2 0.5-0.2 1.4v9.9h-5.9q0-7.1 0-11.6t0-5.3l0-0.9h5.9v2.6h0q0.4-0.6 0.7-1t1-0.9 1.6-0.8 2-0.3q3 0 4.9 2t1.9 6z\"\/><\/svg><\/span><\/a><\/li><li class=\"shariff-button vk shariff-nocustomcolor\" style=\"background-color:#4273c8;border-radius:25%\"><a href=\"https:\/\/vk.com\/share.php?url=https%3A%2F%2Fwww.amoworkgroups.com%2F%3Fpage_id%3D2635\" title=\"Bei VK teilen\" aria-label=\"Bei VK teilen\" role=\"button\" rel=\"noopener nofollow\" class=\"shariff-link\" style=\";border-radius:25%; background-color:#527498; color:#fff\" target=\"_blank\"><span class=\"shariff-icon\" style=\"\"><svg width=\"32px\" height=\"20px\" xmlns=\"http:\/\/www.w3.org\/2000\/svg\" viewBox=\"0 0 34 32\"><path fill=\"#527498\" d=\"M34.2 9.3q0.4 1.1-2.7 5.3-0.4 0.6-1.2 1.5-1.4 1.8-1.6 2.3-0.3 0.7 0.3 1.4 0.3 0.4 1.4 1.5h0l0.1 0.1q2.5 2.3 3.4 3.9 0.1 0.1 0.1 0.2t0.1 0.5 0 0.6-0.4 0.5-1.1 0.2l-4.6 0.1q-0.4 0.1-1-0.1t-0.9-0.4l-0.4-0.2q-0.5-0.4-1.2-1.1t-1.2-1.4-1.1-1-1-0.3q-0.1 0-0.1 0.1t-0.3 0.3-0.4 0.5-0.3 0.9-0.1 1.4q0 0.3-0.1 0.5t-0.1 0.3l-0.1 0.1q-0.3 0.3-0.9 0.4h-2.1q-1.3 0.1-2.6-0.3t-2.3-0.9-1.8-1.2-1.3-1l-0.4-0.4q-0.2-0.2-0.5-0.5t-1.3-1.6-1.9-2.7-2.2-3.8-2.3-4.9q-0.1-0.3-0.1-0.5t0.1-0.3l0.1-0.1q0.3-0.3 1-0.3l4.9 0q0.2 0 0.4 0.1t0.3 0.2l0.1 0.1q0.3 0.2 0.4 0.6 0.4 0.9 0.8 1.8t0.7 1.5l0.3 0.5q0.5 1.1 1 1.9t0.9 1.2 0.7 0.7 0.6 0.3 0.5-0.1q0 0 0.1-0.1t0.2-0.4 0.2-0.8 0.2-1.4 0-2.2q0-0.7-0.2-1.3t-0.2-0.8l-0.1-0.2q-0.4-0.6-1.5-0.8-0.2 0 0.1-0.4 0.3-0.3 0.7-0.5 0.9-0.5 4.3-0.4 1.5 0 2.4 0.2 0.4 0.1 0.6 0.2t0.4 0.4 0.2 0.6 0.1 0.8 0 1 0 1.3 0 1.5q0 0.2 0 0.8t0 0.9 0.1 0.7 0.2 0.7 0.4 0.4q0.1 0 0.3 0.1t0.5-0.2 0.7-0.6 0.9-1.2 1.2-1.9q1.1-1.9 1.9-4 0.1-0.2 0.2-0.3t0.2-0.2l0.1-0.1 0.1 0t0.2-0.1 0.4 0l5.1 0q0.7-0.1 1.1 0t0.6 0.3z\"\/><\/svg><\/span><span data-service=\"vk\" style=\"color:#527498\" class=\"shariff-count shariff-hidezero\"><\/span>&nbsp;<\/a><\/li><\/ul><\/div>","protected":false},"excerpt":{"rendered":"<p>Durch eine Kombination von logischem Verstehen der Gesetzm\u00e4\u00dfigkeiten unseres Lebens, dem Kennenlernen\u00a0und\u00a0dem Sp\u00fcren der inneren Anbindung, der eigenen\u00a0Kraft und St\u00e4rke, wird Schritt f\u00fcr Schritt eine pers\u00f6nliche Bewusstseinserweiterung von dem bisher trennenden Mangel-Bewusstsein hin zu verbindendem F\u00fclle-Bewusstsein geschaffen. Wenn wir uns &hellip; <a href=\"https:\/\/www.amoworkgroups.com\/?page_id=2635\">Weiterlesen <span class=\"meta-nav\">&rarr;<\/span><\/a><\/p>\n","protected":false},"author":1,"featured_media":0,"parent":2621,"menu_order":1,"comment_status":"closed","ping_status":"closed","template":"sidebar-page.php","meta":{"jetpack_post_was_ever_published":false,"footnotes":""},"class_list":["post-2635","page","type-page","status-publish","hentry"],"jetpack_sharing_enabled":false,"jetpack_shortlink":"https:\/\/wp.me\/P4OMVl-Gv","jetpack_likes_enabled":false,"jetpack-related-posts":[],"amp_enabled":false,"_links":{"self":[{"href":"https:\/\/www.amoworkgroups.com\/index.php?rest_route=\/wp\/v2\/pages\/2635","targetHints":{"allow":["GET"]}}],"collection":[{"href":"https:\/\/www.amoworkgroups.com\/index.php?rest_route=\/wp\/v2\/pages"}],"about":[{"href":"https:\/\/www.amoworkgroups.com\/index.php?rest_route=\/wp\/v2\/types\/page"}],"author":[{"embeddable":true,"href":"https:\/\/www.amoworkgroups.com\/index.php?rest_route=\/wp\/v2\/users\/1"}],"replies":[{"embeddable":true,"href":"https:\/\/www.amoworkgroups.com\/index.php?rest_route=%2Fwp%2Fv2%2Fcomments&post=2635"}],"version-history":[{"count":10,"href":"https:\/\/www.amoworkgroups.com\/index.php?rest_route=\/wp\/v2\/pages\/2635\/revisions"}],"predecessor-version":[{"id":2747,"href":"https:\/\/www.amoworkgroups.com\/index.php?rest_route=\/wp\/v2\/pages\/2635\/revisions\/2747"}],"up":[{"embeddable":true,"href":"https:\/\/www.amoworkgroups.com\/index.php?rest_route=\/wp\/v2\/pages\/2621"}],"wp:attachment":[{"href":"https:\/\/www.amoworkgroups.com\/index.php?rest_route=%2Fwp%2Fv2%2Fmedia&parent=2635"}],"curies":[{"name":"wp","href":"https:\/\/api.w.org\/{rel}","templated":true}]}}