{"id":2629,"date":"2016-01-11T16:48:42","date_gmt":"2016-01-11T15:48:42","guid":{"rendered":"http:\/\/www.amoworkgroups.com\/?page_id=2629"},"modified":"2018-05-01T22:16:56","modified_gmt":"2018-05-02T02:16:56","slug":"mein-anliegen-begeistern","status":"publish","type":"page","link":"https:\/\/www.amoworkgroups.com\/?page_id=2629","title":{"rendered":"Mein Anliegen &#8230; begeistern"},"content":{"rendered":"<p>Ich habe mir zum Ziel gesetzt Menschen zu <b>begeistern<\/b> &#8211; sie zu erreichen und aufzur\u00fctteln.<\/p>\n<blockquote>\n<p style=\"text-align: center;\">\u2026 DOCH WARUM ?<\/p>\n<\/blockquote>\n<p>In unserer Gesellschaft haben die meisten von uns gelernt zu funktionieren. Es wurde Wissen vermittelt u.a. dar\u00fcber wie man sich zu verhalten hat, was recht und unrecht ist, was falsch und richtig. Dabei wurden u.a. auch viele Glaubensmuster unreflektiert von anderen \u00fcbernommen. Unsere Gesellschaft hat sich sehr stark fortentwickelt, die meisten von uns sind eingebunden und haben eine Aufgabe \u00fcbernommen die sie best m\u00f6glichst ausf\u00fcllen wollen. Dabei haben wir \u00fcbersehen, dass es au\u00dfer der Funktion im Leben noch etwas viel wichtigeres gibt als sich nur die Freuden im Au\u00dfen zu erf\u00fcllen. Das Leben selbst bekommt dadurch nicht wirklich einen Sinn. Vielmehr stellen immer mehr Menschen fest, dass etwas fehlt und es da noch etwas mehr geben m\u00fcsste. Doch die Gesellschaft, die Schulen, unsere Eltern haben uns davon nichts erz\u00e4hlt.<\/p>\n<blockquote>\n<p style=\"text-align: center;\">\u2026 NUN \u2026<\/p>\n<\/blockquote>\n<p>Wir haben uns zum Ziel gesetzt Menschen zu begeistern &#8211; sie zu erreichen und aufzur\u00fctteln. Menschen verstehen zu lassen, ihre Wahrnehmungen, ihre Intuition, ihre Kraft und ihnen einen Ausstieg aus dem Funktionieren aufzuzeigen, Sie dabei zu begleiten und m\u00f6chten ihnen eine Unterst\u00fctzung auf dem Weg zur\u00fcck zum Sein im Leben bieten.<\/p>\n<p>Es geht dabei um die scheinbar nicht enden wollenden st\u00e4ndigen Wiederholungen im Leben, die jedem von uns in den verschiedensten Farben und Facetten bekannt sind. Gemeinsam k\u00f6nnen wir einen Weg des Verstehens gehen der uns hilft die verschwiegenen, verloren gegangenen Aspekte unseres Lebens wieder zu finden.<\/p>\n<p>In den Gruppen der AmoWorkGroups kommen wir zusammen um uns gemeinsam auf den Weg zu machen ein anderes Denken, ein verbindendes, f\u00fclle Denken, aufzusp\u00fcren um es in unserem Alltag einflie\u00dfen zu lassen. Um damit dem ausgepr\u00e4gten, trennenden Mangel-Bewusstsein t\u00e4glich entgegen wirken zu k\u00f6nnen.<\/p>\n<p>Wenn Du Antworten suchst und Dich angesprochen f\u00fchlst, solltest Du mal bei einem <a href=\"http:\/\/www.amoworkgroups.com\/?page_id=2770\">Erlebens-Abend<\/a> vorbeischauen und Dir ein eigenes Bild vom <strong>WILDEN Denken<\/strong> machen.<\/p>\n<p><img data-recalc-dims=\"1\" loading=\"lazy\" decoding=\"async\" data-attachment-id=\"2745\" data-permalink=\"https:\/\/www.amoworkgroups.com\/?attachment_id=2745\" data-orig-file=\"https:\/\/i0.wp.com\/www.amoworkgroups.com\/wp-content\/uploads\/2016\/01\/LRM_5-2.jpg?fit=1000%2C288&amp;ssl=1\" data-orig-size=\"1000,288\" data-comments-opened=\"1\" data-image-meta=\"{&quot;aperture&quot;:&quot;0&quot;,&quot;credit&quot;:&quot;&quot;,&quot;camera&quot;:&quot;&quot;,&quot;caption&quot;:&quot;&quot;,&quot;created_timestamp&quot;:&quot;0&quot;,&quot;copyright&quot;:&quot;&quot;,&quot;focal_length&quot;:&quot;0&quot;,&quot;iso&quot;:&quot;0&quot;,&quot;shutter_speed&quot;:&quot;0&quot;,&quot;title&quot;:&quot;&quot;,&quot;orientation&quot;:&quot;1&quot;}\" data-image-title=\"LRM_5-2\" data-image-description=\"\" data-image-caption=\"\" data-large-file=\"https:\/\/i0.wp.com\/www.amoworkgroups.com\/wp-content\/uploads\/2016\/01\/LRM_5-2.jpg?fit=584%2C168&amp;ssl=1\" class=\"wp-image-2745  aligncenter\" title=\"begeistern\" src=\"https:\/\/i0.wp.com\/www.amoworkgroups.com\/wp-content\/uploads\/2016\/01\/LRM_5-2.jpg?resize=399%2C128\" alt=\"\" width=\"399\" height=\"128\" \/><\/p>\n<div class=\"shariff shariff-align-center shariff-widget-align-left\" data-services=\"facebook%7Cvk\" data-url=\"https:\/\/www.amoworkgroups.com\/?page_id=2629\" data-timestamp=\"1525213016\" data-hidezero=\"1\" data-backendurl=\"?rest_route=\/shariff\/v1\/share_counts&\"><div class=\"ShariffHeadline\">TEILEN MIT:<\/div><ul class=\"shariff-buttons theme-round orientation-horizontal buttonsize-medium\"><li class=\"shariff-button mailto shariff-nocustomcolor\" style=\"background-color:#a8a8a8;border-radius:25%\"><a href=\"mailto:?body=https%3A%2F%2Fwww.amoworkgroups.com%2F%3Fpage_id%3D2629&subject=Mein%20Anliegen%20%E2%80%A6%20begeistern\" title=\"Per E-Mail versenden\" aria-label=\"Per E-Mail versenden\" role=\"button\" rel=\"noopener nofollow\" class=\"shariff-link\" style=\";border-radius:25%; background-color:#999; color:#fff\"><span class=\"shariff-icon\" style=\"\"><svg width=\"32px\" height=\"20px\" xmlns=\"http:\/\/www.w3.org\/2000\/svg\" viewBox=\"0 0 32 32\"><path fill=\"#999\" d=\"M32 12.7v14.2q0 1.2-0.8 2t-2 0.9h-26.3q-1.2 0-2-0.9t-0.8-2v-14.2q0.8 0.9 1.8 1.6 6.5 4.4 8.9 6.1 1 0.8 1.6 1.2t1.7 0.9 2 0.4h0.1q0.9 0 2-0.4t1.7-0.9 1.6-1.2q3-2.2 8.9-6.1 1-0.7 1.8-1.6zM32 7.4q0 1.4-0.9 2.7t-2.2 2.2q-6.7 4.7-8.4 5.8-0.2 0.1-0.7 0.5t-1 0.7-0.9 0.6-1.1 0.5-0.9 0.2h-0.1q-0.4 0-0.9-0.2t-1.1-0.5-0.9-0.6-1-0.7-0.7-0.5q-1.6-1.1-4.7-3.2t-3.6-2.6q-1.1-0.7-2.1-2t-1-2.5q0-1.4 0.7-2.3t2.1-0.9h26.3q1.2 0 2 0.8t0.9 2z\"\/><\/svg><\/span><\/a><\/li><li class=\"shariff-button printer shariff-nocustomcolor\" style=\"background-color:#a8a8a8;border-radius:25%\"><a href=\"javascript:window.print()\" title=\"drucken\" aria-label=\"drucken\" role=\"button\" rel=\"noopener nofollow\" class=\"shariff-link\" style=\";border-radius:25%; background-color:#999; color:#fff\"><span class=\"shariff-icon\" style=\"\"><svg width=\"32px\" height=\"20px\" xmlns=\"http:\/\/www.w3.org\/2000\/svg\" viewBox=\"0 0 30 32\"><path fill=\"#999\" d=\"M6.8 27.4h16v-4.6h-16v4.6zM6.8 16h16v-6.8h-2.8q-0.7 0-1.2-0.5t-0.5-1.2v-2.8h-11.4v11.4zM27.4 17.2q0-0.5-0.3-0.8t-0.8-0.4-0.8 0.4-0.3 0.8 0.3 0.8 0.8 0.3 0.8-0.3 0.3-0.8zM29.7 17.2v7.4q0 0.2-0.2 0.4t-0.4 0.2h-4v2.8q0 0.7-0.5 1.2t-1.2 0.5h-17.2q-0.7 0-1.2-0.5t-0.5-1.2v-2.8h-4q-0.2 0-0.4-0.2t-0.2-0.4v-7.4q0-1.4 1-2.4t2.4-1h1.2v-9.7q0-0.7 0.5-1.2t1.2-0.5h12q0.7 0 1.6 0.4t1.3 0.8l2.7 2.7q0.5 0.5 0.9 1.4t0.4 1.6v4.6h1.1q1.4 0 2.4 1t1 2.4z\"\/><\/svg><\/span><\/a><\/li><li class=\"shariff-button whatsapp shariff-nocustomcolor\" style=\"background-color:#5cbe4a;border-radius:25%\"><a href=\"https:\/\/api.whatsapp.com\/send?text=https%3A%2F%2Fwww.amoworkgroups.com%2F%3Fpage_id%3D2629%20Mein%20Anliegen%20%E2%80%A6%20begeistern\" title=\"Bei Whatsapp teilen\" aria-label=\"Bei Whatsapp teilen\" role=\"button\" rel=\"noopener nofollow\" class=\"shariff-link\" style=\";border-radius:25%; background-color:#34af23; color:#fff\" target=\"_blank\"><span class=\"shariff-icon\" style=\"\"><svg width=\"32px\" height=\"20px\" xmlns=\"http:\/\/www.w3.org\/2000\/svg\" viewBox=\"0 0 32 32\"><path fill=\"#34af23\" d=\"M17.6 17.4q0.2 0 1.7 0.8t1.6 0.9q0 0.1 0 0.3 0 0.6-0.3 1.4-0.3 0.7-1.3 1.2t-1.8 0.5q-1 0-3.4-1.1-1.7-0.8-3-2.1t-2.6-3.3q-1.3-1.9-1.3-3.5v-0.1q0.1-1.6 1.3-2.8 0.4-0.4 0.9-0.4 0.1 0 0.3 0t0.3 0q0.3 0 0.5 0.1t0.3 0.5q0.1 0.4 0.6 1.6t0.4 1.3q0 0.4-0.6 1t-0.6 0.8q0 0.1 0.1 0.3 0.6 1.3 1.8 2.4 1 0.9 2.7 1.8 0.2 0.1 0.4 0.1 0.3 0 1-0.9t0.9-0.9zM14 26.9q2.3 0 4.3-0.9t3.6-2.4 2.4-3.6 0.9-4.3-0.9-4.3-2.4-3.6-3.6-2.4-4.3-0.9-4.3 0.9-3.6 2.4-2.4 3.6-0.9 4.3q0 3.6 2.1 6.6l-1.4 4.2 4.3-1.4q2.8 1.9 6.2 1.9zM14 2.2q2.7 0 5.2 1.1t4.3 2.9 2.9 4.3 1.1 5.2-1.1 5.2-2.9 4.3-4.3 2.9-5.2 1.1q-3.5 0-6.5-1.7l-7.4 2.4 2.4-7.2q-1.9-3.2-1.9-6.9 0-2.7 1.1-5.2t2.9-4.3 4.3-2.9 5.2-1.1z\"\/><\/svg><\/span><\/a><\/li><li class=\"shariff-button facebook shariff-nocustomcolor\" style=\"background-color:#4273c8;border-radius:25%\"><a href=\"https:\/\/www.facebook.com\/sharer\/sharer.php?u=https%3A%2F%2Fwww.amoworkgroups.com%2F%3Fpage_id%3D2629\" title=\"Bei Facebook teilen\" aria-label=\"Bei Facebook teilen\" role=\"button\" rel=\"nofollow\" class=\"shariff-link\" style=\";border-radius:25%; background-color:#3b5998; color:#fff\" target=\"_blank\"><span class=\"shariff-icon\" style=\"\"><svg width=\"32px\" height=\"20px\" xmlns=\"http:\/\/www.w3.org\/2000\/svg\" viewBox=\"0 0 18 32\"><path fill=\"#3b5998\" d=\"M17.1 0.2v4.7h-2.8q-1.5 0-2.1 0.6t-0.5 1.9v3.4h5.2l-0.7 5.3h-4.5v13.6h-5.5v-13.6h-4.5v-5.3h4.5v-3.9q0-3.3 1.9-5.2t5-1.8q2.6 0 4.1 0.2z\"\/><\/svg><\/span><span data-service=\"facebook\" style=\"color:#3b5998\" class=\"shariff-count shariff-hidezero\"><\/span>&nbsp;<\/a><\/li><li class=\"shariff-button twitter shariff-nocustomcolor\" style=\"background-color:#595959;border-radius:25%\"><a href=\"https:\/\/twitter.com\/share?url=https%3A%2F%2Fwww.amoworkgroups.com%2F%3Fpage_id%3D2629&text=Mein%20Anliegen%20%E2%80%A6%20begeistern&via=httpstwittercomamoworkgroups\" title=\"Bei X teilen\" aria-label=\"Bei X teilen\" role=\"button\" rel=\"noopener nofollow\" class=\"shariff-link\" style=\";border-radius:25%; background-color:#000; color:#fff\" target=\"_blank\"><span class=\"shariff-icon\" style=\"\"><svg width=\"32px\" height=\"20px\" xmlns=\"http:\/\/www.w3.org\/2000\/svg\" viewBox=\"0 0 24 24\"><path fill=\"#000\" d=\"M14.258 10.152L23.176 0h-2.113l-7.747 8.813L7.133 0H0l9.352 13.328L0 23.973h2.113l8.176-9.309 6.531 9.309h7.133zm-2.895 3.293l-.949-1.328L2.875 1.56h3.246l6.086 8.523.945 1.328 7.91 11.078h-3.246zm0 0\"\/><\/svg><\/span><\/a><\/li><li class=\"shariff-button linkedin shariff-nocustomcolor\" style=\"background-color:#1488bf;border-radius:25%\"><a href=\"https:\/\/www.linkedin.com\/sharing\/share-offsite\/?url=https%3A%2F%2Fwww.amoworkgroups.com%2F%3Fpage_id%3D2629\" title=\"Bei LinkedIn teilen\" aria-label=\"Bei LinkedIn teilen\" role=\"button\" rel=\"noopener nofollow\" class=\"shariff-link\" style=\";border-radius:25%; background-color:#0077b5; color:#fff\" target=\"_blank\"><span class=\"shariff-icon\" style=\"\"><svg width=\"32px\" height=\"20px\" xmlns=\"http:\/\/www.w3.org\/2000\/svg\" viewBox=\"0 0 27 32\"><path fill=\"#0077b5\" d=\"M6.2 11.2v17.7h-5.9v-17.7h5.9zM6.6 5.7q0 1.3-0.9 2.2t-2.4 0.9h0q-1.5 0-2.4-0.9t-0.9-2.2 0.9-2.2 2.4-0.9 2.4 0.9 0.9 2.2zM27.4 18.7v10.1h-5.9v-9.5q0-1.9-0.7-2.9t-2.3-1.1q-1.1 0-1.9 0.6t-1.2 1.5q-0.2 0.5-0.2 1.4v9.9h-5.9q0-7.1 0-11.6t0-5.3l0-0.9h5.9v2.6h0q0.4-0.6 0.7-1t1-0.9 1.6-0.8 2-0.3q3 0 4.9 2t1.9 6z\"\/><\/svg><\/span><\/a><\/li><li class=\"shariff-button vk shariff-nocustomcolor\" style=\"background-color:#4273c8;border-radius:25%\"><a href=\"https:\/\/vk.com\/share.php?url=https%3A%2F%2Fwww.amoworkgroups.com%2F%3Fpage_id%3D2629\" title=\"Bei VK teilen\" aria-label=\"Bei VK teilen\" role=\"button\" rel=\"noopener nofollow\" class=\"shariff-link\" style=\";border-radius:25%; background-color:#527498; color:#fff\" target=\"_blank\"><span class=\"shariff-icon\" style=\"\"><svg width=\"32px\" height=\"20px\" xmlns=\"http:\/\/www.w3.org\/2000\/svg\" viewBox=\"0 0 34 32\"><path fill=\"#527498\" d=\"M34.2 9.3q0.4 1.1-2.7 5.3-0.4 0.6-1.2 1.5-1.4 1.8-1.6 2.3-0.3 0.7 0.3 1.4 0.3 0.4 1.4 1.5h0l0.1 0.1q2.5 2.3 3.4 3.9 0.1 0.1 0.1 0.2t0.1 0.5 0 0.6-0.4 0.5-1.1 0.2l-4.6 0.1q-0.4 0.1-1-0.1t-0.9-0.4l-0.4-0.2q-0.5-0.4-1.2-1.1t-1.2-1.4-1.1-1-1-0.3q-0.1 0-0.1 0.1t-0.3 0.3-0.4 0.5-0.3 0.9-0.1 1.4q0 0.3-0.1 0.5t-0.1 0.3l-0.1 0.1q-0.3 0.3-0.9 0.4h-2.1q-1.3 0.1-2.6-0.3t-2.3-0.9-1.8-1.2-1.3-1l-0.4-0.4q-0.2-0.2-0.5-0.5t-1.3-1.6-1.9-2.7-2.2-3.8-2.3-4.9q-0.1-0.3-0.1-0.5t0.1-0.3l0.1-0.1q0.3-0.3 1-0.3l4.9 0q0.2 0 0.4 0.1t0.3 0.2l0.1 0.1q0.3 0.2 0.4 0.6 0.4 0.9 0.8 1.8t0.7 1.5l0.3 0.5q0.5 1.1 1 1.9t0.9 1.2 0.7 0.7 0.6 0.3 0.5-0.1q0 0 0.1-0.1t0.2-0.4 0.2-0.8 0.2-1.4 0-2.2q0-0.7-0.2-1.3t-0.2-0.8l-0.1-0.2q-0.4-0.6-1.5-0.8-0.2 0 0.1-0.4 0.3-0.3 0.7-0.5 0.9-0.5 4.3-0.4 1.5 0 2.4 0.2 0.4 0.1 0.6 0.2t0.4 0.4 0.2 0.6 0.1 0.8 0 1 0 1.3 0 1.5q0 0.2 0 0.8t0 0.9 0.1 0.7 0.2 0.7 0.4 0.4q0.1 0 0.3 0.1t0.5-0.2 0.7-0.6 0.9-1.2 1.2-1.9q1.1-1.9 1.9-4 0.1-0.2 0.2-0.3t0.2-0.2l0.1-0.1 0.1 0t0.2-0.1 0.4 0l5.1 0q0.7-0.1 1.1 0t0.6 0.3z\"\/><\/svg><\/span><span data-service=\"vk\" style=\"color:#527498\" class=\"shariff-count shariff-hidezero\"><\/span>&nbsp;<\/a><\/li><\/ul><\/div>","protected":false},"excerpt":{"rendered":"<p>Ich habe mir zum Ziel gesetzt Menschen zu begeistern &#8211; sie zu erreichen und aufzur\u00fctteln. \u2026 DOCH WARUM ? In unserer Gesellschaft haben die meisten von uns gelernt zu funktionieren. Es wurde Wissen vermittelt u.a. dar\u00fcber wie man sich zu &hellip; <a href=\"https:\/\/www.amoworkgroups.com\/?page_id=2629\">Weiterlesen <span class=\"meta-nav\">&rarr;<\/span><\/a><\/p>\n","protected":false},"author":1,"featured_media":0,"parent":2621,"menu_order":2,"comment_status":"closed","ping_status":"closed","template":"sidebar-page.php","meta":{"jetpack_post_was_ever_published":false,"footnotes":""},"class_list":["post-2629","page","type-page","status-publish","hentry"],"jetpack_sharing_enabled":false,"jetpack_shortlink":"https:\/\/wp.me\/P4OMVl-Gp","jetpack_likes_enabled":true,"jetpack-related-posts":[],"amp_enabled":false,"_links":{"self":[{"href":"https:\/\/www.amoworkgroups.com\/index.php?rest_route=\/wp\/v2\/pages\/2629","targetHints":{"allow":["GET"]}}],"collection":[{"href":"https:\/\/www.amoworkgroups.com\/index.php?rest_route=\/wp\/v2\/pages"}],"about":[{"href":"https:\/\/www.amoworkgroups.com\/index.php?rest_route=\/wp\/v2\/types\/page"}],"author":[{"embeddable":true,"href":"https:\/\/www.amoworkgroups.com\/index.php?rest_route=\/wp\/v2\/users\/1"}],"replies":[{"embeddable":true,"href":"https:\/\/www.amoworkgroups.com\/index.php?rest_route=%2Fwp%2Fv2%2Fcomments&post=2629"}],"version-history":[{"count":8,"href":"https:\/\/www.amoworkgroups.com\/index.php?rest_route=\/wp\/v2\/pages\/2629\/revisions"}],"predecessor-version":[{"id":2839,"href":"https:\/\/www.amoworkgroups.com\/index.php?rest_route=\/wp\/v2\/pages\/2629\/revisions\/2839"}],"up":[{"embeddable":true,"href":"https:\/\/www.amoworkgroups.com\/index.php?rest_route=\/wp\/v2\/pages\/2621"}],"wp:attachment":[{"href":"https:\/\/www.amoworkgroups.com\/index.php?rest_route=%2Fwp%2Fv2%2Fmedia&parent=2629"}],"curies":[{"name":"wp","href":"https:\/\/api.w.org\/{rel}","templated":true}]}}