{"id":2097,"date":"2015-05-07T11:56:00","date_gmt":"2015-05-07T10:56:00","guid":{"rendered":"http:\/\/www.amoworkgroups.com\/?page_id=2097"},"modified":"2018-05-01T22:26:54","modified_gmt":"2018-05-02T02:26:54","slug":"ueber-mich","status":"publish","type":"page","link":"https:\/\/www.amoworkgroups.com\/?page_id=2097","title":{"rendered":"\u00dcber MICH"},"content":{"rendered":"<h1><img data-recalc-dims=\"1\" loading=\"lazy\" decoding=\"async\" data-attachment-id=\"2107\" data-permalink=\"https:\/\/www.amoworkgroups.com\/?attachment_id=2107\" data-orig-file=\"https:\/\/i0.wp.com\/www.amoworkgroups.com\/wp-content\/uploads\/2015\/05\/CIMG0567.jpg?fit=2048%2C1536&amp;ssl=1\" data-orig-size=\"2048,1536\" data-comments-opened=\"1\" data-image-meta=\"{&quot;aperture&quot;:&quot;4.1&quot;,&quot;credit&quot;:&quot;&quot;,&quot;camera&quot;:&quot;EX-Z600&quot;,&quot;caption&quot;:&quot;&quot;,&quot;created_timestamp&quot;:&quot;1157914193&quot;,&quot;copyright&quot;:&quot;&quot;,&quot;focal_length&quot;:&quot;12.8&quot;,&quot;iso&quot;:&quot;0&quot;,&quot;shutter_speed&quot;:&quot;0.00625&quot;,&quot;title&quot;:&quot;&quot;,&quot;orientation&quot;:&quot;1&quot;}\" data-image-title=\"CIMG0567\" data-image-description=\"\" data-image-caption=\"\" data-large-file=\"https:\/\/i0.wp.com\/www.amoworkgroups.com\/wp-content\/uploads\/2015\/05\/CIMG0567.jpg?fit=584%2C438&amp;ssl=1\" class=\"alignleft wp-image-2107 size-medium\" src=\"https:\/\/i0.wp.com\/www.amoworkgroups.com\/wp-content\/uploads\/2015\/05\/CIMG0567.jpg?resize=250%2C188\" alt=\"\" width=\"250\" height=\"188\" srcset=\"https:\/\/i0.wp.com\/www.amoworkgroups.com\/wp-content\/uploads\/2015\/05\/CIMG0567.jpg?resize=250%2C188&amp;ssl=1 250w, https:\/\/i0.wp.com\/www.amoworkgroups.com\/wp-content\/uploads\/2015\/05\/CIMG0567.jpg?resize=1024%2C768&amp;ssl=1 1024w, https:\/\/i0.wp.com\/www.amoworkgroups.com\/wp-content\/uploads\/2015\/05\/CIMG0567.jpg?resize=600%2C450&amp;ssl=1 600w, https:\/\/i0.wp.com\/www.amoworkgroups.com\/wp-content\/uploads\/2015\/05\/CIMG0567.jpg?w=2048&amp;ssl=1 2048w, https:\/\/i0.wp.com\/www.amoworkgroups.com\/wp-content\/uploads\/2015\/05\/CIMG0567.jpg?w=1168 1168w, https:\/\/i0.wp.com\/www.amoworkgroups.com\/wp-content\/uploads\/2015\/05\/CIMG0567.jpg?w=1752 1752w\" sizes=\"auto, (max-width: 250px) 100vw, 250px\" \/><span style=\"color: #800000;\"><strong>CID Martin Vogt<\/strong><\/span><\/h1>\n<p>amo ergo sum \/ CID &#8211;\u00a0Berater f\u00fcr Selbstrealisation und Integrative Entwicklung<\/p>\n<p>Jahrgang 1966 \/ 4 erwachsene Kinder<\/p>\n<p>AmoWorkGroups\u00a0Angebot<\/p>\n<p>&nbsp;<\/p>\n<h1><span style=\"color: #808080;\"><strong>T\u00c4TIGKEITSFELD:<\/strong><\/span><\/h1>\n<ul>\n<li>Mentor f\u00fcr Selbstrealisation Einzeln und in Gruppen<\/li>\n<li>Seminare, Workshops, Vortr\u00e4ge zum Thema Bewusstwerdung &amp; Begeisterung<\/li>\n<li>Moderator f\u00fcr Ursache-Wirkungs-Prinzipien<\/li>\n<\/ul>\n<hr \/>\n<h1><span style=\"color: #808080;\"><strong>LEBENSMOTTO:<\/strong><\/span><\/h1>\n<blockquote><p>Gottes Licht leuchtet in mir und l\u00e4sst mich steht&#8217;s \u00fcber mich selbst hinauswachsen &#8230;<\/p><\/blockquote>\n<p style=\"padding-left: 30px;\">Meinen Weg gehen &#8230; nach sehr vielen Jahren des Funktionierens und des zu nicht allzu viel Bringens, habe ich in dieser Ausbildung zum CID sehr viele Antworten auf die Unstimmigkeiten in meinem bisherigen Leben gefunden. Ebenfalls, und ich kann sagen das Wichtigste, ist das schon fast unheimliche Vertrauen in das was mich, au\u00dfer meinem Kopf,\u00a0als Mensch noch ausmacht. Dieser neue Weg, der Weg des Vertrauens auf das Leben &#8211; bzw. auf das was das Leben ausmacht, weg vom Mangelbewusstsein des Egos, ist eine noch nie erlebte\u00a0Freiheit in meinem Leben.<\/p>\n<p style=\"padding-left: 30px;\">Ich habe mich dazu entschlossen, mir genau daf\u00fcr nun alle Zeit in meinem Leben zu nehmen und mit aller Kraft und ganzem Vertrauen meinen Weg zu gehen. Somit f\u00e4ngt es nun mit einem Selbstversuch an und d\u00fcrfte mit jedem Tag und mit jeder einzelnen Erfahrung zu dem werden, was in meinem Leben noch auf mich wartet.<\/p>\n<hr \/>\n<h1><span style=\"color: #808080;\"><strong>CID ABSCHLUSSARBEIT:<br \/>\n<\/strong><\/span><\/h1>\n<p><img data-recalc-dims=\"1\" loading=\"lazy\" decoding=\"async\" data-attachment-id=\"2526\" data-permalink=\"https:\/\/www.amoworkgroups.com\/?attachment_id=2526\" data-orig-file=\"https:\/\/i0.wp.com\/www.amoworkgroups.com\/wp-content\/uploads\/2015\/05\/LOVE-Road-Map.png?fit=890%2C1298&amp;ssl=1\" data-orig-size=\"890,1298\" data-comments-opened=\"1\" data-image-meta=\"{&quot;aperture&quot;:&quot;0&quot;,&quot;credit&quot;:&quot;&quot;,&quot;camera&quot;:&quot;&quot;,&quot;caption&quot;:&quot;&quot;,&quot;created_timestamp&quot;:&quot;0&quot;,&quot;copyright&quot;:&quot;&quot;,&quot;focal_length&quot;:&quot;0&quot;,&quot;iso&quot;:&quot;0&quot;,&quot;shutter_speed&quot;:&quot;0&quot;,&quot;title&quot;:&quot;&quot;,&quot;orientation&quot;:&quot;0&quot;}\" data-image-title=\"LOVE-Road Map\" data-image-description=\"\" data-image-caption=\"\" data-large-file=\"https:\/\/i0.wp.com\/www.amoworkgroups.com\/wp-content\/uploads\/2015\/05\/LOVE-Road-Map.png?fit=584%2C852&amp;ssl=1\" class=\"wp-image-2526 size-medium alignright\" src=\"https:\/\/i0.wp.com\/www.amoworkgroups.com\/wp-content\/uploads\/2015\/05\/LOVE-Road-Map.png?resize=129%2C188\" alt=\"\" width=\"129\" height=\"188\" srcset=\"https:\/\/i0.wp.com\/www.amoworkgroups.com\/wp-content\/uploads\/2015\/05\/LOVE-Road-Map.png?resize=129%2C188&amp;ssl=1 129w, https:\/\/i0.wp.com\/www.amoworkgroups.com\/wp-content\/uploads\/2015\/05\/LOVE-Road-Map.png?resize=702%2C1024&amp;ssl=1 702w, https:\/\/i0.wp.com\/www.amoworkgroups.com\/wp-content\/uploads\/2015\/05\/LOVE-Road-Map.png?resize=600%2C875&amp;ssl=1 600w, https:\/\/i0.wp.com\/www.amoworkgroups.com\/wp-content\/uploads\/2015\/05\/LOVE-Road-Map.png?w=890&amp;ssl=1 890w\" sizes=\"auto, (max-width: 129px) 100vw, 129px\" \/><\/p>\n<p style=\"padding-left: 30px;\">Meine Abschlussarbeit ist &#8222;Mein Bild f\u00fcr DICH&#8220;\u00a0&#8230; eine LOVE-Road Map f\u00fcr den Augenblick, ein &#8222;Constant Remembrance Tool&#8220; das Dich stets begleiten kann &#8230; es zeigt Dir das was\u00a0sich dahinter verbirgt &#8211; sei neugierig und lass DICH einladen &#8230;<\/p>\n<p style=\"padding-left: 30px;\">hier geht&#8217;s zu <a href=\"http:\/\/www.amoworkgroups.com\/?page_id=2395\">&#8222;<strong>Mein Bild f\u00fcr DICH<\/strong>&#8222;<\/a><\/p>\n<p style=\"padding-left: 30px;\">Und hier der Sound zur Road &#8230; diese mp3 Files sind w\u00e4hrend der untewussten Auseinandersetzung mit dem\u00a0\u00a0&#8222;<strong>constant remembering<\/strong>&#8220; nebenher entstanden, hier ein Auszug &#8230;<\/p>\n<div class=\"wp-playlist wp-audio-playlist wp-playlist-light\">\n\t\t\t<div class=\"wp-playlist-current-item\"><\/div>\n\t\t<audio controls=\"controls\" preload=\"none\" width=\"562\"\n\t\t\t><\/audio>\n\t<div class=\"wp-playlist-next\"><\/div>\n\t<div class=\"wp-playlist-prev\"><\/div>\n\t<noscript>\n\t<ol>\n\t\t<li><a href='https:\/\/www.amoworkgroups.com\/wp-content\/uploads\/2015\/05\/Tiger-Herz-f\u00fcr-DICH-11.mp3'>Tiger Herz - f\u00fcr DICH 11<\/a><\/li><li><a href='https:\/\/www.amoworkgroups.com\/wp-content\/uploads\/2015\/05\/Tiger-Herz-f\u00fcr-DICH-12.mp3'>Tiger Herz - f\u00fcr DICH 12<\/a><\/li><li><a href='https:\/\/www.amoworkgroups.com\/wp-content\/uploads\/2015\/05\/Tiger-Herz-f\u00fcr-DICH-13.mp3'>Tiger Herz - f\u00fcr DICH 13<\/a><\/li>\t<\/ol>\n\t<\/noscript>\n\t<script type=\"application\/json\" class=\"wp-playlist-script\">{\"type\":\"audio\",\"tracklist\":true,\"tracknumbers\":true,\"images\":true,\"artists\":true,\"tracks\":[{\"src\":\"https:\/\/www.amoworkgroups.com\/wp-content\/uploads\/2015\/05\/Tiger-Herz-f\\u00fcr-DICH-11.mp3\",\"type\":\"audio\/mpeg\",\"title\":\"Tiger Herz - f\\u00fcr DICH 11\",\"caption\":\"Stimme I \/ Klangfarbe I\",\"description\":\"\\\"Tiger Herz - f\\u00fcr DICH 11\\\" aus LOVE Road Map - \\\"Tiger Herz f\\u00fcr DICH\\\" von Tamina & The Tiger Mind. Ver\\u00f6ffentlicht: 2015. Genre: Meditative.\",\"meta\":{\"artist\":\"Tamina & The Tiger Mind\",\"album\":\"LOVE Road Map - \\\"Tiger Herz f\\u00fcr DICH\\\"\",\"genre\":\"Meditative\",\"year\":\"2015\",\"length_formatted\":\"6:30\"},\"image\":{\"src\":\"https:\/\/i0.wp.com\/www.amoworkgroups.com\/wp-content\/uploads\/2014\/07\/Tiger-Spirit-I.jpg?fit=1191%2C670&ssl=1\",\"width\":1191,\"height\":670},\"thumb\":{\"src\":\"https:\/\/i0.wp.com\/www.amoworkgroups.com\/wp-content\/uploads\/2014\/07\/Tiger-Spirit-I.jpg?resize=100%2C100&ssl=1\",\"width\":100,\"height\":100}},{\"src\":\"https:\/\/www.amoworkgroups.com\/wp-content\/uploads\/2015\/05\/Tiger-Herz-f\\u00fcr-DICH-12.mp3\",\"type\":\"audio\/mpeg\",\"title\":\"Tiger Herz - f\\u00fcr DICH 12\",\"caption\":\"Stimme I \/ Klangfarbe II\",\"description\":\"\\\"Tiger Herz - f\\u00fcr DICH 12\\\" aus LOVE Road Map - \\\"Tiger Herz f\\u00fcr DICH\\\" von Tamina & The Tiger Mind. Ver\\u00f6ffentlicht: 2015. Genre: Meditative.\",\"meta\":{\"artist\":\"Tamina & The Tiger Mind\",\"album\":\"LOVE Road Map - \\\"Tiger Herz f\\u00fcr DICH\\\"\",\"genre\":\"Meditative\",\"year\":\"2015\",\"length_formatted\":\"6:30\"},\"image\":{\"src\":\"https:\/\/i0.wp.com\/www.amoworkgroups.com\/wp-content\/uploads\/2014\/07\/Tiger-Spirit-I.jpg?fit=1191%2C670&ssl=1\",\"width\":1191,\"height\":670},\"thumb\":{\"src\":\"https:\/\/i0.wp.com\/www.amoworkgroups.com\/wp-content\/uploads\/2014\/07\/Tiger-Spirit-I.jpg?resize=100%2C100&ssl=1\",\"width\":100,\"height\":100}},{\"src\":\"https:\/\/www.amoworkgroups.com\/wp-content\/uploads\/2015\/05\/Tiger-Herz-f\\u00fcr-DICH-13.mp3\",\"type\":\"audio\/mpeg\",\"title\":\"Tiger Herz - f\\u00fcr DICH 13\",\"caption\":\"Stimme I \/ Klangfarbe III\",\"description\":\"\\\"Tiger Herz - f\\u00fcr DICH 13\\\" aus LOVE Road Map - \\\"Tiger Herz f\\u00fcr DICH\\\" von Tamina & The Tiger Mind. Ver\\u00f6ffentlicht: 2015. Genre: Meditative.\",\"meta\":{\"artist\":\"Tamina & The Tiger Mind\",\"album\":\"LOVE Road Map - \\\"Tiger Herz f\\u00fcr DICH\\\"\",\"genre\":\"Meditative\",\"year\":\"2015\",\"length_formatted\":\"6:30\"},\"image\":{\"src\":\"https:\/\/i0.wp.com\/www.amoworkgroups.com\/wp-content\/uploads\/2014\/07\/Tiger-Spirit-II2.jpg?fit=1280%2C720&ssl=1\",\"width\":1280,\"height\":720},\"thumb\":{\"src\":\"https:\/\/i0.wp.com\/www.amoworkgroups.com\/wp-content\/uploads\/2014\/07\/Tiger-Spirit-II2.jpg?resize=100%2C100&ssl=1\",\"width\":100,\"height\":100}}]}<\/script>\n<\/div>\n\t\n<p>&nbsp;<\/p>\n<hr \/>\n<h1><span style=\"color: #808080;\">VITA:<\/span><\/h1>\n<p style=\"padding-left: 30px;\">&#8230; im Juni 2010 hatte ich meinen &#8222;zuf\u00e4lligen&#8220; Erstkontakt durch den Essenz-Kurs von Dr. phil. Christina Kessler. Es dauerte dann noch 2 Jahre bis ich mich zur Golden Tiger Eisdom Training Ausbildung zum CID entschlossen haben. Ich wusste, bzw. f\u00fchlte ins geheim dass dies ein wichtiger Schritt in meinem Leben sein wird. Und &#8211; ich dr\u00fcckte mich &#8211; bis ich mich entschloss gegen allen inneren Widerstand diesen Weg konsequent bis zu Ende zu gehen.<\/p>\n<p style=\"padding-left: 30px;\">Die 9 Seminare in den folgenden zwei Jahren waren Qual und Erl\u00f6sung zugleich &#8211; es war eine Abenteuerreise im Inneren. Im Mai 2015 schloss ich diesen Weg mit meiner Abschlussarbeit ab und bekam die Auszeichnung des CIDs.<\/p>\n<p style=\"padding-left: 30px;\">Hier angekommen \u00e4nderte ich mein Leben beruflich wie privat und begab mich auf eine Reise die Zukunft meines Wirkens im Inneren zu suchen. \u00a0Daraus erwuchs nun der Entschluss Menschen auf ihrem Weg zu helfen ihnen wissend mit Herz und Verstand M\u00f6glichkeiten aufzuzeigen. Die AmoWorkGroups bilden dazu nun den entsprechenden Rahmen.<\/p>\n<p style=\"padding-left: 30px;\">Doch was war vor 2015? Einen \u00dcberblick \u00fcber die Jahrzehnte meines &#8222;technischen Funktionierens&#8220; &#8211; HIER &#8211; in meinem LinkedIn-Profil &#8230;<\/p>\n<p style=\"padding-left: 30px;\"><span class=\"alignnone\" style=\"font: 80% Arial,sans-serif; color: #0783b6;\">\u00a0<\/span><a style=\"text-decoration: none;\" href=\"https:\/\/de.linkedin.com\/pub\/martin-vogt\/5b\/206\/94b\"><span style=\"font: 80% Arial,sans-serif; color: #0783b6;\"><img data-recalc-dims=\"1\" loading=\"lazy\" decoding=\"async\" style=\"vertical-align: middle;\" src=\"https:\/\/i0.wp.com\/static.licdn.com\/scds\/common\/u\/img\/webpromo\/btn_in_20x15.png?resize=20%2C15&#038;ssl=1\" alt=\"LinkedIn Profil von Martin Vogt anzeigen\" width=\"20\" height=\"15\" border=\"0\" \/>\u00a0Profil von Martin Vogt anzeigen<\/span><\/a><\/p>\n<p style=\"padding-left: 30px;\">oder auch auf meiner Seite: <a href=\"http:\/\/www.Kanalmesstechnik.de\" target=\"_blank\" rel=\"noopener\"><em>www.Kanalmesstechnik.de<\/em><\/a><\/p>\n<div class=\"shariff shariff-align-center shariff-widget-align-left\" data-services=\"facebook%7Cvk\" data-url=\"https:\/\/www.amoworkgroups.com\/?page_id=2097\" data-timestamp=\"1525213614\" data-hidezero=\"1\" data-backendurl=\"?rest_route=\/shariff\/v1\/share_counts&\"><div class=\"ShariffHeadline\">TEILEN MIT:<\/div><ul class=\"shariff-buttons theme-round orientation-horizontal buttonsize-medium\"><li class=\"shariff-button mailto shariff-nocustomcolor\" style=\"background-color:#a8a8a8;border-radius:25%\"><a href=\"mailto:?body=https%3A%2F%2Fwww.amoworkgroups.com%2F%3Fpage_id%3D2097&subject=%C3%9Cber%20MICH\" title=\"Per E-Mail versenden\" aria-label=\"Per E-Mail versenden\" role=\"button\" rel=\"noopener nofollow\" class=\"shariff-link\" style=\";border-radius:25%; background-color:#999; color:#fff\"><span class=\"shariff-icon\" style=\"\"><svg width=\"32px\" height=\"20px\" xmlns=\"http:\/\/www.w3.org\/2000\/svg\" viewBox=\"0 0 32 32\"><path fill=\"#999\" d=\"M32 12.7v14.2q0 1.2-0.8 2t-2 0.9h-26.3q-1.2 0-2-0.9t-0.8-2v-14.2q0.8 0.9 1.8 1.6 6.5 4.4 8.9 6.1 1 0.8 1.6 1.2t1.7 0.9 2 0.4h0.1q0.9 0 2-0.4t1.7-0.9 1.6-1.2q3-2.2 8.9-6.1 1-0.7 1.8-1.6zM32 7.4q0 1.4-0.9 2.7t-2.2 2.2q-6.7 4.7-8.4 5.8-0.2 0.1-0.7 0.5t-1 0.7-0.9 0.6-1.1 0.5-0.9 0.2h-0.1q-0.4 0-0.9-0.2t-1.1-0.5-0.9-0.6-1-0.7-0.7-0.5q-1.6-1.1-4.7-3.2t-3.6-2.6q-1.1-0.7-2.1-2t-1-2.5q0-1.4 0.7-2.3t2.1-0.9h26.3q1.2 0 2 0.8t0.9 2z\"\/><\/svg><\/span><\/a><\/li><li class=\"shariff-button printer shariff-nocustomcolor\" style=\"background-color:#a8a8a8;border-radius:25%\"><a href=\"javascript:window.print()\" title=\"drucken\" aria-label=\"drucken\" role=\"button\" rel=\"noopener nofollow\" class=\"shariff-link\" style=\";border-radius:25%; background-color:#999; color:#fff\"><span class=\"shariff-icon\" style=\"\"><svg width=\"32px\" height=\"20px\" xmlns=\"http:\/\/www.w3.org\/2000\/svg\" viewBox=\"0 0 30 32\"><path fill=\"#999\" d=\"M6.8 27.4h16v-4.6h-16v4.6zM6.8 16h16v-6.8h-2.8q-0.7 0-1.2-0.5t-0.5-1.2v-2.8h-11.4v11.4zM27.4 17.2q0-0.5-0.3-0.8t-0.8-0.4-0.8 0.4-0.3 0.8 0.3 0.8 0.8 0.3 0.8-0.3 0.3-0.8zM29.7 17.2v7.4q0 0.2-0.2 0.4t-0.4 0.2h-4v2.8q0 0.7-0.5 1.2t-1.2 0.5h-17.2q-0.7 0-1.2-0.5t-0.5-1.2v-2.8h-4q-0.2 0-0.4-0.2t-0.2-0.4v-7.4q0-1.4 1-2.4t2.4-1h1.2v-9.7q0-0.7 0.5-1.2t1.2-0.5h12q0.7 0 1.6 0.4t1.3 0.8l2.7 2.7q0.5 0.5 0.9 1.4t0.4 1.6v4.6h1.1q1.4 0 2.4 1t1 2.4z\"\/><\/svg><\/span><\/a><\/li><li class=\"shariff-button whatsapp shariff-nocustomcolor\" style=\"background-color:#5cbe4a;border-radius:25%\"><a href=\"https:\/\/api.whatsapp.com\/send?text=https%3A%2F%2Fwww.amoworkgroups.com%2F%3Fpage_id%3D2097%20%C3%9Cber%20MICH\" title=\"Bei Whatsapp teilen\" aria-label=\"Bei Whatsapp teilen\" role=\"button\" rel=\"noopener nofollow\" class=\"shariff-link\" style=\";border-radius:25%; background-color:#34af23; color:#fff\" target=\"_blank\"><span class=\"shariff-icon\" style=\"\"><svg width=\"32px\" height=\"20px\" xmlns=\"http:\/\/www.w3.org\/2000\/svg\" viewBox=\"0 0 32 32\"><path fill=\"#34af23\" d=\"M17.6 17.4q0.2 0 1.7 0.8t1.6 0.9q0 0.1 0 0.3 0 0.6-0.3 1.4-0.3 0.7-1.3 1.2t-1.8 0.5q-1 0-3.4-1.1-1.7-0.8-3-2.1t-2.6-3.3q-1.3-1.9-1.3-3.5v-0.1q0.1-1.6 1.3-2.8 0.4-0.4 0.9-0.4 0.1 0 0.3 0t0.3 0q0.3 0 0.5 0.1t0.3 0.5q0.1 0.4 0.6 1.6t0.4 1.3q0 0.4-0.6 1t-0.6 0.8q0 0.1 0.1 0.3 0.6 1.3 1.8 2.4 1 0.9 2.7 1.8 0.2 0.1 0.4 0.1 0.3 0 1-0.9t0.9-0.9zM14 26.9q2.3 0 4.3-0.9t3.6-2.4 2.4-3.6 0.9-4.3-0.9-4.3-2.4-3.6-3.6-2.4-4.3-0.9-4.3 0.9-3.6 2.4-2.4 3.6-0.9 4.3q0 3.6 2.1 6.6l-1.4 4.2 4.3-1.4q2.8 1.9 6.2 1.9zM14 2.2q2.7 0 5.2 1.1t4.3 2.9 2.9 4.3 1.1 5.2-1.1 5.2-2.9 4.3-4.3 2.9-5.2 1.1q-3.5 0-6.5-1.7l-7.4 2.4 2.4-7.2q-1.9-3.2-1.9-6.9 0-2.7 1.1-5.2t2.9-4.3 4.3-2.9 5.2-1.1z\"\/><\/svg><\/span><\/a><\/li><li class=\"shariff-button facebook shariff-nocustomcolor\" style=\"background-color:#4273c8;border-radius:25%\"><a href=\"https:\/\/www.facebook.com\/sharer\/sharer.php?u=https%3A%2F%2Fwww.amoworkgroups.com%2F%3Fpage_id%3D2097\" title=\"Bei Facebook teilen\" aria-label=\"Bei Facebook teilen\" role=\"button\" rel=\"nofollow\" class=\"shariff-link\" style=\";border-radius:25%; background-color:#3b5998; color:#fff\" target=\"_blank\"><span class=\"shariff-icon\" style=\"\"><svg width=\"32px\" height=\"20px\" xmlns=\"http:\/\/www.w3.org\/2000\/svg\" viewBox=\"0 0 18 32\"><path fill=\"#3b5998\" d=\"M17.1 0.2v4.7h-2.8q-1.5 0-2.1 0.6t-0.5 1.9v3.4h5.2l-0.7 5.3h-4.5v13.6h-5.5v-13.6h-4.5v-5.3h4.5v-3.9q0-3.3 1.9-5.2t5-1.8q2.6 0 4.1 0.2z\"\/><\/svg><\/span><span data-service=\"facebook\" style=\"color:#3b5998\" class=\"shariff-count shariff-hidezero\"><\/span>&nbsp;<\/a><\/li><li class=\"shariff-button twitter shariff-nocustomcolor\" style=\"background-color:#595959;border-radius:25%\"><a href=\"https:\/\/twitter.com\/share?url=https%3A%2F%2Fwww.amoworkgroups.com%2F%3Fpage_id%3D2097&text=%C3%9Cber%20MICH&via=httpstwittercomamoworkgroups\" title=\"Bei X teilen\" aria-label=\"Bei X teilen\" role=\"button\" rel=\"noopener nofollow\" class=\"shariff-link\" style=\";border-radius:25%; background-color:#000; color:#fff\" target=\"_blank\"><span class=\"shariff-icon\" style=\"\"><svg width=\"32px\" height=\"20px\" xmlns=\"http:\/\/www.w3.org\/2000\/svg\" viewBox=\"0 0 24 24\"><path fill=\"#000\" d=\"M14.258 10.152L23.176 0h-2.113l-7.747 8.813L7.133 0H0l9.352 13.328L0 23.973h2.113l8.176-9.309 6.531 9.309h7.133zm-2.895 3.293l-.949-1.328L2.875 1.56h3.246l6.086 8.523.945 1.328 7.91 11.078h-3.246zm0 0\"\/><\/svg><\/span><\/a><\/li><li class=\"shariff-button linkedin shariff-nocustomcolor\" style=\"background-color:#1488bf;border-radius:25%\"><a href=\"https:\/\/www.linkedin.com\/sharing\/share-offsite\/?url=https%3A%2F%2Fwww.amoworkgroups.com%2F%3Fpage_id%3D2097\" title=\"Bei LinkedIn teilen\" aria-label=\"Bei LinkedIn teilen\" role=\"button\" rel=\"noopener nofollow\" class=\"shariff-link\" style=\";border-radius:25%; background-color:#0077b5; color:#fff\" target=\"_blank\"><span class=\"shariff-icon\" style=\"\"><svg width=\"32px\" height=\"20px\" xmlns=\"http:\/\/www.w3.org\/2000\/svg\" viewBox=\"0 0 27 32\"><path fill=\"#0077b5\" d=\"M6.2 11.2v17.7h-5.9v-17.7h5.9zM6.6 5.7q0 1.3-0.9 2.2t-2.4 0.9h0q-1.5 0-2.4-0.9t-0.9-2.2 0.9-2.2 2.4-0.9 2.4 0.9 0.9 2.2zM27.4 18.7v10.1h-5.9v-9.5q0-1.9-0.7-2.9t-2.3-1.1q-1.1 0-1.9 0.6t-1.2 1.5q-0.2 0.5-0.2 1.4v9.9h-5.9q0-7.1 0-11.6t0-5.3l0-0.9h5.9v2.6h0q0.4-0.6 0.7-1t1-0.9 1.6-0.8 2-0.3q3 0 4.9 2t1.9 6z\"\/><\/svg><\/span><\/a><\/li><li class=\"shariff-button vk shariff-nocustomcolor\" style=\"background-color:#4273c8;border-radius:25%\"><a href=\"https:\/\/vk.com\/share.php?url=https%3A%2F%2Fwww.amoworkgroups.com%2F%3Fpage_id%3D2097\" title=\"Bei VK teilen\" aria-label=\"Bei VK teilen\" role=\"button\" rel=\"noopener nofollow\" class=\"shariff-link\" style=\";border-radius:25%; background-color:#527498; color:#fff\" target=\"_blank\"><span class=\"shariff-icon\" style=\"\"><svg width=\"32px\" height=\"20px\" xmlns=\"http:\/\/www.w3.org\/2000\/svg\" viewBox=\"0 0 34 32\"><path fill=\"#527498\" d=\"M34.2 9.3q0.4 1.1-2.7 5.3-0.4 0.6-1.2 1.5-1.4 1.8-1.6 2.3-0.3 0.7 0.3 1.4 0.3 0.4 1.4 1.5h0l0.1 0.1q2.5 2.3 3.4 3.9 0.1 0.1 0.1 0.2t0.1 0.5 0 0.6-0.4 0.5-1.1 0.2l-4.6 0.1q-0.4 0.1-1-0.1t-0.9-0.4l-0.4-0.2q-0.5-0.4-1.2-1.1t-1.2-1.4-1.1-1-1-0.3q-0.1 0-0.1 0.1t-0.3 0.3-0.4 0.5-0.3 0.9-0.1 1.4q0 0.3-0.1 0.5t-0.1 0.3l-0.1 0.1q-0.3 0.3-0.9 0.4h-2.1q-1.3 0.1-2.6-0.3t-2.3-0.9-1.8-1.2-1.3-1l-0.4-0.4q-0.2-0.2-0.5-0.5t-1.3-1.6-1.9-2.7-2.2-3.8-2.3-4.9q-0.1-0.3-0.1-0.5t0.1-0.3l0.1-0.1q0.3-0.3 1-0.3l4.9 0q0.2 0 0.4 0.1t0.3 0.2l0.1 0.1q0.3 0.2 0.4 0.6 0.4 0.9 0.8 1.8t0.7 1.5l0.3 0.5q0.5 1.1 1 1.9t0.9 1.2 0.7 0.7 0.6 0.3 0.5-0.1q0 0 0.1-0.1t0.2-0.4 0.2-0.8 0.2-1.4 0-2.2q0-0.7-0.2-1.3t-0.2-0.8l-0.1-0.2q-0.4-0.6-1.5-0.8-0.2 0 0.1-0.4 0.3-0.3 0.7-0.5 0.9-0.5 4.3-0.4 1.5 0 2.4 0.2 0.4 0.1 0.6 0.2t0.4 0.4 0.2 0.6 0.1 0.8 0 1 0 1.3 0 1.5q0 0.2 0 0.8t0 0.9 0.1 0.7 0.2 0.7 0.4 0.4q0.1 0 0.3 0.1t0.5-0.2 0.7-0.6 0.9-1.2 1.2-1.9q1.1-1.9 1.9-4 0.1-0.2 0.2-0.3t0.2-0.2l0.1-0.1 0.1 0t0.2-0.1 0.4 0l5.1 0q0.7-0.1 1.1 0t0.6 0.3z\"\/><\/svg><\/span><span data-service=\"vk\" style=\"color:#527498\" class=\"shariff-count shariff-hidezero\"><\/span>&nbsp;<\/a><\/li><\/ul><\/div>","protected":false},"excerpt":{"rendered":"<p>CID Martin Vogt amo ergo sum \/ CID &#8211;\u00a0Berater f\u00fcr Selbstrealisation und Integrative Entwicklung Jahrgang 1966 \/ 4 erwachsene Kinder AmoWorkGroups\u00a0Angebot &nbsp; T\u00c4TIGKEITSFELD: Mentor f\u00fcr Selbstrealisation Einzeln und in Gruppen Seminare, Workshops, Vortr\u00e4ge zum Thema Bewusstwerdung &amp; Begeisterung Moderator f\u00fcr &hellip; <a href=\"https:\/\/www.amoworkgroups.com\/?page_id=2097\">Weiterlesen <span class=\"meta-nav\">&rarr;<\/span><\/a><\/p>\n","protected":false},"author":1,"featured_media":0,"parent":2621,"menu_order":3,"comment_status":"closed","ping_status":"closed","template":"sidebar-page.php","meta":{"jetpack_post_was_ever_published":false,"footnotes":""},"class_list":["post-2097","page","type-page","status-publish","hentry"],"jetpack_sharing_enabled":false,"jetpack_shortlink":"https:\/\/wp.me\/P4OMVl-xP","jetpack_likes_enabled":false,"jetpack-related-posts":[],"amp_enabled":false,"_links":{"self":[{"href":"https:\/\/www.amoworkgroups.com\/index.php?rest_route=\/wp\/v2\/pages\/2097","targetHints":{"allow":["GET"]}}],"collection":[{"href":"https:\/\/www.amoworkgroups.com\/index.php?rest_route=\/wp\/v2\/pages"}],"about":[{"href":"https:\/\/www.amoworkgroups.com\/index.php?rest_route=\/wp\/v2\/types\/page"}],"author":[{"embeddable":true,"href":"https:\/\/www.amoworkgroups.com\/index.php?rest_route=\/wp\/v2\/users\/1"}],"replies":[{"embeddable":true,"href":"https:\/\/www.amoworkgroups.com\/index.php?rest_route=%2Fwp%2Fv2%2Fcomments&post=2097"}],"version-history":[{"count":45,"href":"https:\/\/www.amoworkgroups.com\/index.php?rest_route=\/wp\/v2\/pages\/2097\/revisions"}],"predecessor-version":[{"id":2219,"href":"https:\/\/www.amoworkgroups.com\/index.php?rest_route=\/wp\/v2\/pages\/2097\/revisions\/2219"}],"up":[{"embeddable":true,"href":"https:\/\/www.amoworkgroups.com\/index.php?rest_route=\/wp\/v2\/pages\/2621"}],"wp:attachment":[{"href":"https:\/\/www.amoworkgroups.com\/index.php?rest_route=%2Fwp%2Fv2%2Fmedia&parent=2097"}],"curies":[{"name":"wp","href":"https:\/\/api.w.org\/{rel}","templated":true}]}}